{"id":14787,"date":"2021-10-25T08:53:26","date_gmt":"2021-10-25T08:53:26","guid":{"rendered":"https:\/\/mirelanovak.com\/sammlungen\/"},"modified":"2025-02-18T11:40:43","modified_gmt":"2025-02-18T11:40:43","slug":"sammlungen","status":"publish","type":"page","link":"https:\/\/mirelanovak.com\/de\/sammlungen\/","title":{"rendered":"Sammlungen"},"content":{"rendered":"\t\t<div data-elementor-type=\"wp-page\" data-elementor-id=\"14787\" class=\"elementor elementor-14787 elementor-10307\">\n\t\t\t\t\t\t<section class=\"elementor-section elementor-top-section elementor-element elementor-element-a5beb0d elementor-section-full_width qodef-elementor-content-grid elementor-reverse-tablet elementor-reverse-mobile no-space elementor-section-height-default elementor-section-height-default\" data-id=\"a5beb0d\" data-element_type=\"section\">\n\t\t\t\t\t\t<div class=\"elementor-container elementor-column-gap-no\">\n\t\t\t\t\t<div class=\"elementor-column elementor-col-50 elementor-top-column elementor-element elementor-element-af48c35 content\" data-id=\"af48c35\" data-element_type=\"column\" data-settings=\"{&quot;background_background&quot;:&quot;classic&quot;}\">\n\t\t\t<div class=\"elementor-widget-wrap elementor-element-populated\">\n\t\t\t\t\t\t<div class=\"elementor-element elementor-element-dcb5753 elementor-widget elementor-widget-valeska_core_section_title\" data-id=\"dcb5753\" data-element_type=\"widget\" data-widget_type=\"valeska_core_section_title.default\">\n\t\t\t\t<div class=\"elementor-widget-container\">\n\t\t\t\t\t<div class=\"qodef-shortcode qodef-m  qodef-section-title qodef-alignment--center  qodef-section-title-appear-animation--no \">\n\t\t\t<h3 class=\"qodef-m-title\" style=\"color: #DA1C5C;font-weight: 300\">\n\t\t\tThe perfect<br \/> look\t<\/h3>\n\t\t<p class=\"qodef-m-text\" style=\"color: #DA1C5C\">Finde heraus, wer du bist, und kleide dich dementsprechend!\n\nDiese Kollektion spiegelt deine Beziehung zu dir selbst, zu deinem K\u00f6rper und deine eigene Wahrnehmung wider. \u201eWoman is a style evolution\u201c \u2013 MN\n\nDamit ist alles gesagt. Die Frau ist dazu bestimmt, nach Perfektion zu streben und die Welt sch\u00f6ner zu machen. Eine ideale, vollkommene Frau zu sein bedeutet, zu inspirieren, zu begeistern, zu verf\u00fchren, Sch\u00f6nheit auszustrahlen und eine wundervolle Welt um sich herum zu erschaffen.\n\nThe Perfect Look ist eine opulente und elegante Kollektion, die dazu geschaffen wurde, Weiblichkeit, Eleganz und Sinnlichkeit zum Ausdruck zu bringen.<\/p>\n\t<\/div>\n\t\t\t\t<\/div>\n\t\t\t\t<\/div>\n\t\t\t\t<div class=\"elementor-element elementor-element-e43a032 elementor-widget elementor-widget-valeska_core_button\" data-id=\"e43a032\" data-element_type=\"widget\" data-widget_type=\"valeska_core_button.default\">\n\t\t\t\t<div class=\"elementor-widget-container\">\n\t\t\t\t\t<a class=\"qodef-shortcode qodef-m  qodef-button qodef-layout--outlined  qodef-html--link\" href=\"https:\/\/mirelanovak.com\/de\/produkt-kategorie\/der-perfekte-look\/\" target=\"_self\"  style=\"color: #FC32BA\">\n\t<span class=\"qodef-m-text\">Entdecke die Kollektion<\/span>\n<\/a>\n\t\t\t\t<\/div>\n\t\t\t\t<\/div>\n\t\t\t\t\t<\/div>\n\t\t<\/div>\n\t\t\t\t<div class=\"elementor-column elementor-col-50 elementor-top-column elementor-element elementor-element-e8fd1c8\" data-id=\"e8fd1c8\" data-element_type=\"column\" data-settings=\"{&quot;background_background&quot;:&quot;classic&quot;}\">\n\t\t\t<div class=\"elementor-widget-wrap elementor-element-populated\">\n\t\t\t\t\t\t<div class=\"elementor-element elementor-element-ebc8074 elementor-hidden-tablet elementor-widget elementor-widget-valeska_core_single_image\" data-id=\"ebc8074\" data-element_type=\"widget\" data-widget_type=\"valeska_core_single_image.default\">\n\t\t\t\t<div class=\"elementor-widget-container\">\n\t\t\t\t\t<div class=\"qodef-shortcode qodef-m qodef-zoom-scroll qodef-single-image qodef-layout--default  \">\n\t\t<div class=\"qodef-m-image\">\n\t\t\t\t\t\t<img fetchpriority=\"high\" decoding=\"async\" width=\"650\" height=\"650\" src=\"https:\/\/mirelanovak.com\/wp-content\/uploads\/2021\/10\/collection-3-650x650.jpg\" class=\"attachment-valeska_core_image_size_square size-valeska_core_image_size_square\" alt=\"\" srcset=\"https:\/\/mirelanovak.com\/wp-content\/uploads\/2021\/10\/collection-3-650x650.jpg 650w, https:\/\/mirelanovak.com\/wp-content\/uploads\/2021\/10\/collection-3-100x100.jpg 100w, https:\/\/mirelanovak.com\/wp-content\/uploads\/2021\/10\/collection-3-150x150.jpg 150w, https:\/\/mirelanovak.com\/wp-content\/uploads\/2021\/10\/collection-3-300x300.jpg 300w\" sizes=\"(max-width: 650px) 100vw, 650px\" \/>\t\t\t\t\t<\/div>\n<\/div>\n\t\t\t\t<\/div>\n\t\t\t\t<\/div>\n\t\t\t\t\t<\/div>\n\t\t<\/div>\n\t\t\t\t\t<\/div>\n\t\t<\/section>\n\t\t\t\t<section class=\"elementor-section elementor-top-section elementor-element elementor-element-3e4aa4d elementor-section-full_width qodef-elementor-content-grid no-space elementor-section-height-default elementor-section-height-default\" data-id=\"3e4aa4d\" data-element_type=\"section\">\n\t\t\t\t\t\t<div class=\"elementor-container elementor-column-gap-no\">\n\t\t\t\t\t<div class=\"elementor-column elementor-col-50 elementor-top-column elementor-element elementor-element-cbb1ecc\" data-id=\"cbb1ecc\" data-element_type=\"column\" data-settings=\"{&quot;background_background&quot;:&quot;classic&quot;}\">\n\t\t\t<div class=\"elementor-widget-wrap elementor-element-populated\">\n\t\t\t\t\t\t<div class=\"elementor-element elementor-element-63c6c72 elementor-hidden-tablet elementor-widget elementor-widget-valeska_core_single_image\" data-id=\"63c6c72\" data-element_type=\"widget\" data-widget_type=\"valeska_core_single_image.default\">\n\t\t\t\t<div class=\"elementor-widget-container\">\n\t\t\t\t\t<div class=\"qodef-shortcode qodef-m qodef-zoom-scroll qodef-single-image qodef-layout--default  \">\n\t\t<div class=\"qodef-m-image\">\n\t\t\t\t\t\t<img decoding=\"async\" width=\"650\" height=\"650\" src=\"https:\/\/mirelanovak.com\/wp-content\/uploads\/2021\/10\/collection-1-650x650.jpg\" class=\"attachment-valeska_core_image_size_square size-valeska_core_image_size_square\" alt=\"\" srcset=\"https:\/\/mirelanovak.com\/wp-content\/uploads\/2021\/10\/collection-1-650x650.jpg 650w, https:\/\/mirelanovak.com\/wp-content\/uploads\/2021\/10\/collection-1-100x100.jpg 100w, https:\/\/mirelanovak.com\/wp-content\/uploads\/2021\/10\/collection-1-150x150.jpg 150w, https:\/\/mirelanovak.com\/wp-content\/uploads\/2021\/10\/collection-1-300x300.jpg 300w\" sizes=\"(max-width: 650px) 100vw, 650px\" \/>\t\t\t\t\t<\/div>\n<\/div>\n\t\t\t\t<\/div>\n\t\t\t\t<\/div>\n\t\t\t\t\t<\/div>\n\t\t<\/div>\n\t\t\t\t<div class=\"elementor-column elementor-col-50 elementor-top-column elementor-element elementor-element-6791159 content\" data-id=\"6791159\" data-element_type=\"column\" data-settings=\"{&quot;background_background&quot;:&quot;classic&quot;}\">\n\t\t\t<div class=\"elementor-widget-wrap elementor-element-populated\">\n\t\t\t\t\t\t<div class=\"elementor-element elementor-element-fc938df elementor-widget elementor-widget-valeska_core_section_title\" data-id=\"fc938df\" data-element_type=\"widget\" data-widget_type=\"valeska_core_section_title.default\">\n\t\t\t\t<div class=\"elementor-widget-container\">\n\t\t\t\t\t<div class=\"qodef-shortcode qodef-m  qodef-section-title qodef-alignment--center  qodef-section-title-appear-animation--no \">\n\t\t\t<h3 class=\"qodef-m-title\" style=\"color: #DA1C5C;font-weight: 300\">\n\t\t\tTATTMN\t<\/h3>\n\t\t<p class=\"qodef-m-text\" style=\"color: #DA1C5C\">\u201eMit dieser Kollektion mache ich einen Schritt in Richtung Befreiung, indem ich dem Betrachter die M\u00f6glichkeit gebe, sich mit dem Kleidungsst\u00fcck zu verbinden \u2013 ihn dazu einlade, das zu sehen, was er sehen m\u00f6chte oder was er wahrnimmt.\u201c\n\nDas Kleidungsst\u00fcck wird zu einer k\u00fcnstlerischen Ausdrucksform.\n\nTATTMN \u2013 Wear on Tattoo ist ein Konzept, bei dem Kleidung Bedeutung und Form annimmt, genau wie ein Tattoo. Es wird zu etwas sehr Pers\u00f6nlichem, geboren aus dem menschlichen Bed\u00fcrfnis, einer Erfahrung Sinn zu verleihen.\n\nDer Ausgangspunkt f\u00fcr dieses Konzept und diese Kollektion war die Tarotkarte XII \u2013 Der Geh\u00e4ngte, die f\u00fcr Stillstand, \u00dcbergang, Zeit, Erwartung, Spiritualit\u00e4t, Wahnsinn, Positivit\u00e4t und Negativit\u00e4t steht.\n\nDie Karte XII bietet eine vielschichtige visuelle Symbolik und er\u00f6ffnet neue Interpretationen, wenn sie als Teil eines gr\u00f6\u00dferen Konstellationssystems betrachtet wird. F\u00fcr jeden Menschen kann sie eine individuelle Bedeutung annehmen.\n\nDie Grundidee des Konzepts ist, dass Kleidung aus dem Bed\u00fcrfnis der Menschen entsteht, Erlebnissen und Erfahrungen \u2013 egal ob positiv oder negativ \u2013 eine Bedeutung zu geben.\n\nDiese Kollektion stellt sowohl positive als auch negative Erfahrungen dar.\n\nIdee, Form und Symbolik werden in die Kleidung eingebettet wie ein Tattoo.\n\nDas Kleidungsst\u00fcck wird zu einer Best\u00e4tigung des bewussten Erlebens \u2013 als Erweiterung des Tattoos, als etwas Sichtbares und Greifbares, das die Erinnerung und Bedeutung verst\u00e4rkt.<\/p>\n\t<\/div>\n\t\t\t\t<\/div>\n\t\t\t\t<\/div>\n\t\t\t\t<div class=\"elementor-element elementor-element-3b7ca74 elementor-widget elementor-widget-valeska_core_button\" data-id=\"3b7ca74\" data-element_type=\"widget\" data-widget_type=\"valeska_core_button.default\">\n\t\t\t\t<div class=\"elementor-widget-container\">\n\t\t\t\t\t<a class=\"qodef-shortcode qodef-m  qodef-button qodef-layout--outlined  qodef-html--link\" href=\"https:\/\/mirelanovak.com\/de\/produkt-kategorie\/tattmn-de\/\" target=\"_self\"  style=\"color: #FC32BA\">\n\t<span class=\"qodef-m-text\">Entdecke die Kollektion<\/span>\n<\/a>\n\t\t\t\t<\/div>\n\t\t\t\t<\/div>\n\t\t\t\t\t<\/div>\n\t\t<\/div>\n\t\t\t\t\t<\/div>\n\t\t<\/section>\n\t\t\t\t<section class=\"elementor-section elementor-top-section elementor-element elementor-element-b7e668d elementor-section-full_width qodef-elementor-content-grid elementor-reverse-tablet elementor-reverse-mobile no-space elementor-section-height-default elementor-section-height-default\" data-id=\"b7e668d\" data-element_type=\"section\">\n\t\t\t\t\t\t<div class=\"elementor-container elementor-column-gap-no\">\n\t\t\t\t\t<div class=\"elementor-column elementor-col-50 elementor-top-column elementor-element elementor-element-ffa5f83 content\" data-id=\"ffa5f83\" data-element_type=\"column\" data-settings=\"{&quot;background_background&quot;:&quot;classic&quot;}\">\n\t\t\t<div class=\"elementor-widget-wrap elementor-element-populated\">\n\t\t\t\t\t\t<div class=\"elementor-element elementor-element-7e2c569 elementor-widget elementor-widget-valeska_core_section_title\" data-id=\"7e2c569\" data-element_type=\"widget\" data-widget_type=\"valeska_core_section_title.default\">\n\t\t\t\t<div class=\"elementor-widget-container\">\n\t\t\t\t\t<div class=\"qodef-shortcode qodef-m  qodef-section-title qodef-alignment--center  qodef-section-title-appear-animation--no \">\n\t\t\t<h3 class=\"qodef-m-title\" style=\"color: #DA1C5C;font-weight: 300\">\n\t\t\tNew Woman<br \/> \t<\/h3>\n\t\t<p class=\"qodef-m-text\" style=\"color: #DA1C5C\">Die Kollektion vermittelt eine klare Botschaft: \u201eFolge deinen eigenen Regeln.\u201c\n\nDie Frau umarmt ihre eigene Sinnlichkeit und braucht keine Erlaubnis, um zu sein, wer sie ist und was sie sein will.\n\nFrei, nat\u00fcrlich und wahrhaft stark.<\/p>\n\t<\/div>\n\t\t\t\t<\/div>\n\t\t\t\t<\/div>\n\t\t\t\t<div class=\"elementor-element elementor-element-ecd51cd elementor-widget elementor-widget-valeska_core_button\" data-id=\"ecd51cd\" data-element_type=\"widget\" data-widget_type=\"valeska_core_button.default\">\n\t\t\t\t<div class=\"elementor-widget-container\">\n\t\t\t\t\t<a class=\"qodef-shortcode qodef-m  qodef-button qodef-layout--outlined  qodef-html--link\" href=\"https:\/\/mirelanovak.com\/de\/produkt-kategorie\/neue-frau\/\" target=\"_self\"  style=\"color: #FC32BA\">\n\t<span class=\"qodef-m-text\">Entdecke die Kollektion<\/span>\n<\/a>\n\t\t\t\t<\/div>\n\t\t\t\t<\/div>\n\t\t\t\t\t<\/div>\n\t\t<\/div>\n\t\t\t\t<div class=\"elementor-column elementor-col-50 elementor-top-column elementor-element elementor-element-29f358f\" data-id=\"29f358f\" data-element_type=\"column\" data-settings=\"{&quot;background_background&quot;:&quot;classic&quot;}\">\n\t\t\t<div class=\"elementor-widget-wrap elementor-element-populated\">\n\t\t\t\t\t\t<div class=\"elementor-element elementor-element-ccf564a elementor-hidden-tablet elementor-widget elementor-widget-valeska_core_single_image\" data-id=\"ccf564a\" data-element_type=\"widget\" data-widget_type=\"valeska_core_single_image.default\">\n\t\t\t\t<div class=\"elementor-widget-container\">\n\t\t\t\t\t<div class=\"qodef-shortcode qodef-m qodef-zoom-scroll qodef-single-image qodef-layout--default  \">\n\t\t<div class=\"qodef-m-image\">\n\t\t\t\t\t\t<img decoding=\"async\" width=\"650\" height=\"650\" src=\"https:\/\/mirelanovak.com\/wp-content\/uploads\/2021\/10\/collection-650x650.jpg\" class=\"attachment-valeska_core_image_size_square size-valeska_core_image_size_square\" alt=\"\" srcset=\"https:\/\/mirelanovak.com\/wp-content\/uploads\/2021\/10\/collection-650x650.jpg 650w, https:\/\/mirelanovak.com\/wp-content\/uploads\/2021\/10\/collection-100x100.jpg 100w, https:\/\/mirelanovak.com\/wp-content\/uploads\/2021\/10\/collection-150x150.jpg 150w, https:\/\/mirelanovak.com\/wp-content\/uploads\/2021\/10\/collection-300x300.jpg 300w\" sizes=\"(max-width: 650px) 100vw, 650px\" \/>\t\t\t\t\t<\/div>\n<\/div>\n\t\t\t\t<\/div>\n\t\t\t\t<\/div>\n\t\t\t\t\t<\/div>\n\t\t<\/div>\n\t\t\t\t\t<\/div>\n\t\t<\/section>\n\t\t\t\t<section class=\"elementor-section elementor-top-section elementor-element elementor-element-2531c8a elementor-section-full_width qodef-elementor-content-grid no-space elementor-section-height-default elementor-section-height-default\" data-id=\"2531c8a\" data-element_type=\"section\">\n\t\t\t\t\t\t<div class=\"elementor-container elementor-column-gap-no\">\n\t\t\t\t\t<div class=\"elementor-column elementor-col-50 elementor-top-column elementor-element elementor-element-97e89a7\" data-id=\"97e89a7\" data-element_type=\"column\" data-settings=\"{&quot;background_background&quot;:&quot;classic&quot;}\">\n\t\t\t<div class=\"elementor-widget-wrap elementor-element-populated\">\n\t\t\t\t\t\t<div class=\"elementor-element elementor-element-d0aa6ac elementor-hidden-tablet elementor-widget elementor-widget-valeska_core_single_image\" data-id=\"d0aa6ac\" data-element_type=\"widget\" data-widget_type=\"valeska_core_single_image.default\">\n\t\t\t\t<div class=\"elementor-widget-container\">\n\t\t\t\t\t<div class=\"qodef-shortcode qodef-m qodef-zoom-scroll qodef-single-image qodef-layout--default  \">\n\t\t<div class=\"qodef-m-image\">\n\t\t\t\t\t\t<img loading=\"lazy\" decoding=\"async\" width=\"650\" height=\"650\" src=\"https:\/\/mirelanovak.com\/wp-content\/uploads\/2021\/10\/collection-2-650x650.jpg\" class=\"attachment-valeska_core_image_size_square size-valeska_core_image_size_square\" alt=\"\" srcset=\"https:\/\/mirelanovak.com\/wp-content\/uploads\/2021\/10\/collection-2-650x650.jpg 650w, https:\/\/mirelanovak.com\/wp-content\/uploads\/2021\/10\/collection-2-100x100.jpg 100w, https:\/\/mirelanovak.com\/wp-content\/uploads\/2021\/10\/collection-2-150x150.jpg 150w, https:\/\/mirelanovak.com\/wp-content\/uploads\/2021\/10\/collection-2-300x300.jpg 300w\" sizes=\"(max-width: 650px) 100vw, 650px\" \/>\t\t\t\t\t<\/div>\n<\/div>\n\t\t\t\t<\/div>\n\t\t\t\t<\/div>\n\t\t\t\t\t<\/div>\n\t\t<\/div>\n\t\t\t\t<div class=\"elementor-column elementor-col-50 elementor-top-column elementor-element elementor-element-fd89e97 content\" data-id=\"fd89e97\" data-element_type=\"column\" data-settings=\"{&quot;background_background&quot;:&quot;classic&quot;}\">\n\t\t\t<div class=\"elementor-widget-wrap elementor-element-populated\">\n\t\t\t\t\t\t<div class=\"elementor-element elementor-element-4a57f4c elementor-widget elementor-widget-valeska_core_section_title\" data-id=\"4a57f4c\" data-element_type=\"widget\" data-widget_type=\"valeska_core_section_title.default\">\n\t\t\t\t<div class=\"elementor-widget-container\">\n\t\t\t\t\t<div class=\"qodef-shortcode qodef-m  qodef-section-title qodef-alignment--center  qodef-section-title-appear-animation--no \">\n\t\t\t<h3 class=\"qodef-m-title\" style=\"color: #DA1C5C;font-weight: 300\">\n\t\t\tThe look<br \/> book\t<\/h3>\n\t\t<p class=\"qodef-m-text\" style=\"color: #DA1C5C\">Eine klassische Kollektion als Grundlage f\u00fcr deinen individuellen Stil.\n\nBetrachte diese Kollektion als eine Inspiration, die dir das Selbstvertrauen gibt, um atemberaubende Outfits zu kreieren \u2013 Outfits, die dich repr\u00e4sentieren und deine pers\u00f6nliche Botschaft in jeder Situation vermitteln.<\/p>\n\t<\/div>\n\t\t\t\t<\/div>\n\t\t\t\t<\/div>\n\t\t\t\t<div class=\"elementor-element elementor-element-c48ff2e elementor-widget elementor-widget-valeska_core_button\" data-id=\"c48ff2e\" data-element_type=\"widget\" data-widget_type=\"valeska_core_button.default\">\n\t\t\t\t<div class=\"elementor-widget-container\">\n\t\t\t\t\t<a class=\"qodef-shortcode qodef-m  qodef-button qodef-layout--outlined  qodef-html--link\" href=\"https:\/\/mirelanovak.com\/de\/produkt-kategorie\/das-lookbook\/\" target=\"_self\"  style=\"color: #FC32BA\">\n\t<span class=\"qodef-m-text\">Entdecke die Kollektion<\/span>\n<\/a>\n\t\t\t\t<\/div>\n\t\t\t\t<\/div>\n\t\t\t\t\t<\/div>\n\t\t<\/div>\n\t\t\t\t\t<\/div>\n\t\t<\/section>\n\t\t\t\t<\/div>\n\t\t","protected":false},"excerpt":{"rendered":"<p>The perfect look Finde heraus, wer du bist, und kleide dich dementsprechend! Diese Kollektion spiegelt deine Beziehung zu dir selbst, zu deinem K\u00f6rper und deine eigene Wahrnehmung wider. \u201eWoman is a style evolution\u201c \u2013 MN Damit ist alles gesagt. Die Frau ist dazu bestimmt, nach Perfektion zu streben und die Welt sch\u00f6ner zu machen. Eine [&hellip;]<\/p>\n","protected":false},"author":1,"featured_media":0,"parent":0,"menu_order":0,"comment_status":"closed","ping_status":"closed","template":"","meta":{"footnotes":""},"class_list":["post-14787","page","type-page","status-publish","hentry"],"_links":{"self":[{"href":"https:\/\/mirelanovak.com\/de\/wp-json\/wp\/v2\/pages\/14787","targetHints":{"allow":["GET"]}}],"collection":[{"href":"https:\/\/mirelanovak.com\/de\/wp-json\/wp\/v2\/pages"}],"about":[{"href":"https:\/\/mirelanovak.com\/de\/wp-json\/wp\/v2\/types\/page"}],"author":[{"embeddable":true,"href":"https:\/\/mirelanovak.com\/de\/wp-json\/wp\/v2\/users\/1"}],"replies":[{"embeddable":true,"href":"https:\/\/mirelanovak.com\/de\/wp-json\/wp\/v2\/comments?post=14787"}],"version-history":[{"count":6,"href":"https:\/\/mirelanovak.com\/de\/wp-json\/wp\/v2\/pages\/14787\/revisions"}],"predecessor-version":[{"id":16875,"href":"https:\/\/mirelanovak.com\/de\/wp-json\/wp\/v2\/pages\/14787\/revisions\/16875"}],"wp:attachment":[{"href":"https:\/\/mirelanovak.com\/de\/wp-json\/wp\/v2\/media?parent=14787"}],"curies":[{"name":"wp","href":"https:\/\/api.w.org\/{rel}","templated":true}]}}