{"id":14829,"date":"2021-10-23T15:42:43","date_gmt":"2021-10-23T15:42:43","guid":{"rendered":"https:\/\/mirelanovak.com\/informationen-zur-lieferung\/"},"modified":"2025-02-12T17:15:04","modified_gmt":"2025-02-12T17:15:04","slug":"informationen-zur-lieferung","status":"publish","type":"page","link":"https:\/\/mirelanovak.com\/de\/informationen-zur-lieferung\/","title":{"rendered":"Informationen zur Lieferung"},"content":{"rendered":"\n<p>Alle Bestellungen werden mit DHL oder FAN COURIER geliefert.<\/p>\n\n<p>Bitte vergewissern Sie sich bei Ihrer Bestellung, dass die Angaben zur Rechnungs- und Lieferadresse korrekt sind, da wir diese nicht weiterleiten k\u00f6nnen.<\/p>\n\n<p>Bitte beachten Sie, dass Ihre Rechnungsadresse mit der Adresse auf Ihrer Kreditkartenabrechnung \u00fcbereinstimmen muss.<\/p>\n\n<p>Wenn Ihre Bestellung versandt wird, erhalten Sie eine Best\u00e4tigungs-E-Mail.<\/p>\n\n<p>Bevor wir Ihre Eink\u00e4ufe versenden k\u00f6nnen, m\u00fcssen wir m\u00f6glicherweise Ihre Angaben bei Ihrem Kartenaussteller best\u00e4tigen. Wir tun unser Bestes, um Verz\u00f6gerungen so gering wie m\u00f6glich zu halten. Unsere Lieferzeit beginnt mit der Annahme der Bestellung und umfasst einen Zeitraum von 24 Stunden, in dem Ihre Artikel in unserem Lager bearbeitet und versandt werden. Bitte beachten Sie, dass dies w\u00e4hrend unserer Verkaufszeiten l\u00e4nger dauern kann, da es dann bis zu 48 Stunden dauern kann, bis die Sendungen verschickt werden.   <\/p>\n\n<p>Die Lieferzeiten sind Sch\u00e4tzungen und beginnen mit dem Versanddatum. Bitte beachten Sie, dass in einigen Gebieten nur eine begrenzte Auswahl an Zustelldiensten zur Verf\u00fcgung steht. Wir bem\u00fchen uns, Ihre Bestellung so schnell wie m\u00f6glich zu versenden, k\u00f6nnen aber nicht f\u00fcr Verz\u00f6gerungen aufgrund von abgelegenen Lieferorten oder ung\u00fcnstigen Wetterbedingungen verantwortlich gemacht werden.  <\/p>\n\n<p>Aus Sicherheitsgr\u00fcnden ist bei allen mirelanovak.com Online-Eink\u00e4ufen eine Unterschrift bei der Lieferung erforderlich. Bitte beachten Sie, dass es sich bei unserem Service nicht um einen benannten Lieferservice handelt und jeder an der angegebenen Lieferadresse f\u00fcr Ihre Lieferung unterschreiben kann. Wir haften nicht f\u00fcr eine verloren gegangene oder fehlende Bestellung, die in einem Geb\u00e4ude unterschrieben wurde, z.B. einer B\u00fcroadresse, die f\u00fcr die Lieferung angegeben wurde.  <\/p>\n\n<p>Wenn niemand f\u00fcr die Lieferung unterschreiben kann, unternimmt der Fahrer insgesamt drei Zustellversuche an drei aufeinanderfolgenden Werktagen. Wenn nach 5 Tagen ohne Kontaktaufnahme immer noch niemand f\u00fcr das Paket unterschreiben kann, wird es an unser Lager zur\u00fcckgeschickt. <\/p>\n\n<p>Bitte beachten Sie, dass Ihre Bestellung w\u00e4hrend des Verkaufszeitraums m\u00f6glicherweise in einer \u00d6ko-Verpackung verschickt wird. Die Artikel werden in Seidenpapier eingewickelt und in einer diskreten braunen Schachtel geliefert, die zu 100% recycelbar ist und keinen Hinweis auf den Inhalt enth\u00e4lt. Leider bieten wir keine Geschenkverpackungen an.  <\/p>\n\n<p>W\u00e4hrend der Verkaufszeit kann es bei Ihrer Bestellung zu einer leichten Verz\u00f6gerung kommen. Bitte rechnen Sie mit bis zu 7 Arbeitstagen, bis Ihre Bestellung bei Ihnen ist. <\/p>\n\n<p>Wenn Sie Fragen zum internationalen Versand haben, kontaktieren Sie uns bitte unter <a href=\"mailto:office@mirela.wildlaboratory.comnovak.com\">office@mirela.wildlaboratory.comnovak.com<\/a><\/p>\n","protected":false},"excerpt":{"rendered":"<p>Alle Bestellungen werden mit DHL oder FAN COURIER geliefert. Bitte vergewissern Sie sich bei Ihrer Bestellung, dass die Angaben zur Rechnungs- und Lieferadresse korrekt sind, da wir diese nicht weiterleiten k\u00f6nnen. Bitte beachten Sie, dass Ihre Rechnungsadresse mit der Adresse auf Ihrer Kreditkartenabrechnung \u00fcbereinstimmen muss. Wenn Ihre Bestellung versandt wird, erhalten Sie eine Best\u00e4tigungs-E-Mail. Bevor [&hellip;]<\/p>\n","protected":false},"author":1,"featured_media":0,"parent":0,"menu_order":0,"comment_status":"closed","ping_status":"closed","template":"","meta":{"footnotes":""},"class_list":["post-14829","page","type-page","status-publish","hentry"],"_links":{"self":[{"href":"https:\/\/mirelanovak.com\/de\/wp-json\/wp\/v2\/pages\/14829","targetHints":{"allow":["GET"]}}],"collection":[{"href":"https:\/\/mirelanovak.com\/de\/wp-json\/wp\/v2\/pages"}],"about":[{"href":"https:\/\/mirelanovak.com\/de\/wp-json\/wp\/v2\/types\/page"}],"author":[{"embeddable":true,"href":"https:\/\/mirelanovak.com\/de\/wp-json\/wp\/v2\/users\/1"}],"replies":[{"embeddable":true,"href":"https:\/\/mirelanovak.com\/de\/wp-json\/wp\/v2\/comments?post=14829"}],"version-history":[{"count":2,"href":"https:\/\/mirelanovak.com\/de\/wp-json\/wp\/v2\/pages\/14829\/revisions"}],"predecessor-version":[{"id":14831,"href":"https:\/\/mirelanovak.com\/de\/wp-json\/wp\/v2\/pages\/14829\/revisions\/14831"}],"wp:attachment":[{"href":"https:\/\/mirelanovak.com\/de\/wp-json\/wp\/v2\/media?parent=14829"}],"curies":[{"name":"wp","href":"https:\/\/api.w.org\/{rel}","templated":true}]}}