{"id":14949,"date":"2021-10-23T12:40:46","date_gmt":"2021-10-23T12:40:46","guid":{"rendered":"https:\/\/mirelanovak.com\/politique-de-confidentialite\/"},"modified":"2025-02-12T17:15:22","modified_gmt":"2025-02-12T17:15:22","slug":"politique-de-confidentialite","status":"publish","type":"page","link":"https:\/\/mirelanovak.com\/fr\/politique-de-confidentialite\/","title":{"rendered":"Politique de confidentialit\u00e9"},"content":{"rendered":"\n<p>SECTION 1 &#8211; QUE FAISONS-NOUS DE VOS INFORMATIONS ?<\/p>\n\n<p>Lorsque vous achetez quelque chose dans notre magasin, dans le cadre du processus d&rsquo;achat et de vente, nous recueillons les informations personnelles que vous nous donnez, telles que votre nom, votre adresse et votre adresse \u00e9lectronique.<\/p>\n\n<p>Lorsque vous naviguez dans notre magasin, nous recevons \u00e9galement automatiquement l&rsquo;adresse IP (Internet Protocol) de votre ordinateur afin de nous fournir des informations qui nous aident \u00e0 conna\u00eetre votre navigateur et votre syst\u00e8me d&rsquo;exploitation.<\/p>\n\n<p>Marketing par courriel (le cas \u00e9ch\u00e9ant) : avec votre permission, nous pouvons vous envoyer des courriels concernant notre magasin, nos nouveaux produits et d&rsquo;autres mises \u00e0 jour.<\/p>\n\n<p>SECTION 2 &#8211; CONSENTEMENT<\/p>\n\n<p>Comment obtenez-vous mon consentement ?<\/p>\n\n<p>Lorsque vous nous fournissez des informations personnelles pour effectuer une transaction, v\u00e9rifier votre carte de cr\u00e9dit, passer une commande, organiser une livraison ou retourner un achat, cela signifie que vous consentez \u00e0 ce que nous les recueillions et les utilisions uniquement pour cette raison sp\u00e9cifique.<\/p>\n\n<p>Si nous vous demandons des informations personnelles pour une raison secondaire, comme le marketing, nous vous demanderons directement votre consentement explicite ou nous vous donnerons la possibilit\u00e9 de refuser.<\/p>\n\n<p>Comment puis-je retirer mon consentement ?<\/p>\n\n<p>Si, apr\u00e8s avoir choisi de participer, vous changez d&rsquo;avis, vous pouvez retirer votre consentement \u00e0 ce que nous vous contactions et \u00e0 ce que nous continuions \u00e0 collecter, utiliser ou divulguer vos informations, \u00e0 tout moment, en nous contactant \u00e0 l&rsquo;adresse <a href=\"mailto:office@mirela.wildlaboratory.comnovak.com\">office@mirela.wildlaboratory.comnovak.com<\/a> ou en nous envoyant un courrier \u00e0 l&rsquo;adresse suivante : MIRELA NOVAK SHOWROOM Piata Montreal nr 10, Pullman Gallery , sp.22 ,, district 1, Bucarest, Roumanie.<\/p>\n\n<p>SECTION 3 &#8211; DIVULGATION<\/p>\n\n<p>Nous pouvons divulguer vos informations personnelles si la loi nous y oblige ou si vous enfreignez nos conditions d&rsquo;utilisation.<\/p>\n\n<p>SECTION 4<\/p>\n\n<p>Paiement :<\/p>\n\n<p>Toutes les passerelles de paiement direct respectent les normes d\u00e9finies par le PCI-DSS, g\u00e9r\u00e9 par le PCI Security Standards Council, qui est un effort conjoint de marques telles que Visa, MasterCard, American Express et Discover.<\/p>\n\n<p>Les exigences PCI-DSS permettent de garantir la s\u00e9curit\u00e9 du traitement des informations relatives aux cartes de cr\u00e9dit par notre magasin et ses prestataires de services.<\/p>\n\n<p>Pour en savoir plus, vous pouvez \u00e9galement consulter les conditions d&rsquo;utilisation ici ou la d\u00e9claration de confidentialit\u00e9 ici.<\/p>\n\n<p>SECTION 5 &#8211; SERVICES AUX TIERS<\/p>\n\n<p>En g\u00e9n\u00e9ral, les fournisseurs tiers auxquels nous faisons appel ne collectent, n&rsquo;utilisent et ne divulguent vos informations que dans la mesure o\u00f9 cela est n\u00e9cessaire pour leur permettre d&rsquo;ex\u00e9cuter les services qu&rsquo;ils nous fournissent.<\/p>\n\n<p>Toutefois, certains fournisseurs de services tiers, tels que les passerelles de paiement et autres processeurs de transactions de paiement, ont leur propre politique de confidentialit\u00e9 en ce qui concerne les informations que nous sommes tenus de leur fournir dans le cadre de vos transactions d&rsquo;achat.<\/p>\n\n<p>Pour ces fournisseurs, nous vous recommandons de lire leurs politiques de confidentialit\u00e9 afin de comprendre la mani\u00e8re dont vos informations personnelles seront trait\u00e9es par ces fournisseurs.<\/p>\n\n<p>En particulier, n&rsquo;oubliez pas que certains fournisseurs peuvent \u00eatre situ\u00e9s dans une juridiction diff\u00e9rente de la v\u00f4tre ou de la n\u00f4tre, ou avoir des installations situ\u00e9es dans une juridiction diff\u00e9rente de la n\u00f4tre. Ainsi, si vous d\u00e9cidez de proc\u00e9der \u00e0 une transaction impliquant les services d&rsquo;un prestataire de services tiers, vos informations peuvent \u00eatre soumises aux lois de la ou des juridictions dans lesquelles ce prestataire de services ou ses installations sont situ\u00e9s.<\/p>\n\n<p>Par exemple, si vous \u00eates situ\u00e9 au Canada et que votre transaction est trait\u00e9e par une passerelle de paiement situ\u00e9e aux \u00c9tats-Unis, vos informations personnelles utilis\u00e9es pour r\u00e9aliser cette transaction peuvent \u00eatre divulgu\u00e9es en vertu de la l\u00e9gislation am\u00e9ricaine, y compris le Patriot Act.<\/p>\n\n<p>D\u00e8s que vous quittez le site web de notre magasin ou que vous \u00eates redirig\u00e9 vers le site web ou l&rsquo;application d&rsquo;un tiers, vous n&rsquo;\u00eates plus r\u00e9gi par la pr\u00e9sente politique de confidentialit\u00e9 ni par les conditions de service de notre site web.<\/p>\n\n<p>Liens<\/p>\n\n<p>Lorsque vous cliquez sur des liens dans notre magasin, ils peuvent vous conduire hors de notre site. Nous ne sommes pas responsables des pratiques des autres sites en mati\u00e8re de protection de la vie priv\u00e9e et vous encourageons \u00e0 lire leurs d\u00e9clarations de confidentialit\u00e9.<\/p>\n\n<p>SECTION 6 &#8211; S\u00c9CURIT\u00c9<\/p>\n\n<p>Pour prot\u00e9ger vos informations personnelles, nous prenons des pr\u00e9cautions raisonnables et suivons les meilleures pratiques du secteur pour nous assurer qu&rsquo;elles ne sont pas perdues, mal utilis\u00e9es, consult\u00e9es, divulgu\u00e9es, modifi\u00e9es ou d\u00e9truites de mani\u00e8re inappropri\u00e9e.<\/p>\n\n<p>Si vous nous fournissez des informations relatives \u00e0 votre carte de cr\u00e9dit, celles-ci sont crypt\u00e9es \u00e0 l&rsquo;aide de la technologie SSL (Secure Socket Layer) et stock\u00e9es avec un cryptage AES-256. Bien qu&rsquo;aucune m\u00e9thode de transmission sur Internet ou de stockage \u00e9lectronique ne soit s\u00fbre \u00e0 100 %, nous respectons toutes les exigences de la norme PCI-DSS et appliquons d&rsquo;autres normes industrielles g\u00e9n\u00e9ralement accept\u00e9es.<\/p>\n\n<p>SECTION 7 &#8211; \u00c2GE DU CONSENTEMENT<\/p>\n\n<p>En utilisant ce site, vous d\u00e9clarez que vous avez au moins l&rsquo;\u00e2ge de la majorit\u00e9 dans votre \u00c9tat ou province de r\u00e9sidence, ou que vous avez l&rsquo;\u00e2ge de la majorit\u00e9 dans votre \u00c9tat ou province de r\u00e9sidence et que vous nous avez donn\u00e9 votre accord pour permettre \u00e0 toute personne mineure \u00e0 votre charge d&rsquo;utiliser ce site.<\/p>\n\n<p>SECTION 8 &#8211; MODIFICATIONS DE LA POLITIQUE DE PROTECTION DE LA VIE PRIVEE<\/p>\n\n<p>Nous nous r\u00e9servons le droit de modifier cette politique de confidentialit\u00e9 \u00e0 tout moment, veuillez donc la consulter r\u00e9guli\u00e8rement. Les modifications et clarifications prendront effet imm\u00e9diatement apr\u00e8s leur publication sur le site web. Si nous apportons des modifications importantes \u00e0 cette politique, nous vous informerons ici qu&rsquo;elle a \u00e9t\u00e9 mise \u00e0 jour, afin que vous sachiez quelles informations nous recueillons, comment nous les utilisons et dans quelles circonstances, le cas \u00e9ch\u00e9ant, nous les utilisons et\/ou les divulguons.<\/p>\n\n<p>Si notre magasin est acquis ou fusionn\u00e9 avec une autre soci\u00e9t\u00e9, vos informations peuvent \u00eatre transf\u00e9r\u00e9es aux nouveaux propri\u00e9taires afin que nous puissions continuer \u00e0 vous vendre des produits.<\/p>\n\n<p>QUESTIONS ET INFORMATIONS DE CONTACT<\/p>\n\n<p>Si vous souhaitez : acc\u00e9der, corriger, modifier ou supprimer toute information personnelle que nous d\u00e9tenons \u00e0 votre sujet, d\u00e9poser une plainte, ou simplement obtenir plus d&rsquo;informations, contactez notre responsable de la protection de la vie priv\u00e9e \u00e0 l&rsquo;adresse <a href=\"mailto:office@mirela.wildlaboratory.comnovak.com\">office@mirela.wildlaboratory.comnovak.com<\/a> ou par courrier \u00e0 l&rsquo;adresse suivante : MIRELA NOVAK SHOWROOM<\/p>\n","protected":false},"excerpt":{"rendered":"<p>SECTION 1 &#8211; QUE FAISONS-NOUS DE VOS INFORMATIONS ? Lorsque vous achetez quelque chose dans notre magasin, dans le cadre du processus d&rsquo;achat et de vente, nous recueillons les informations personnelles que vous nous donnez, telles que votre nom, votre adresse et votre adresse \u00e9lectronique. Lorsque vous naviguez dans notre magasin, nous recevons \u00e9galement automatiquement [&hellip;]<\/p>\n","protected":false},"author":1,"featured_media":0,"parent":0,"menu_order":0,"comment_status":"closed","ping_status":"closed","template":"","meta":{"footnotes":""},"class_list":["post-14949","page","type-page","status-publish","hentry"],"_links":{"self":[{"href":"https:\/\/mirelanovak.com\/fr\/wp-json\/wp\/v2\/pages\/14949","targetHints":{"allow":["GET"]}}],"collection":[{"href":"https:\/\/mirelanovak.com\/fr\/wp-json\/wp\/v2\/pages"}],"about":[{"href":"https:\/\/mirelanovak.com\/fr\/wp-json\/wp\/v2\/types\/page"}],"author":[{"embeddable":true,"href":"https:\/\/mirelanovak.com\/fr\/wp-json\/wp\/v2\/users\/1"}],"replies":[{"embeddable":true,"href":"https:\/\/mirelanovak.com\/fr\/wp-json\/wp\/v2\/comments?post=14949"}],"version-history":[{"count":2,"href":"https:\/\/mirelanovak.com\/fr\/wp-json\/wp\/v2\/pages\/14949\/revisions"}],"predecessor-version":[{"id":14951,"href":"https:\/\/mirelanovak.com\/fr\/wp-json\/wp\/v2\/pages\/14949\/revisions\/14951"}],"wp:attachment":[{"href":"https:\/\/mirelanovak.com\/fr\/wp-json\/wp\/v2\/media?parent=14949"}],"curies":[{"name":"wp","href":"https:\/\/api.w.org\/{rel}","templated":true}]}}