{"id":14769,"date":"2021-10-25T08:53:26","date_gmt":"2021-10-25T08:53:26","guid":{"rendered":"https:\/\/mirelanovak.com\/collezioni\/"},"modified":"2025-02-20T08:04:02","modified_gmt":"2025-02-20T08:04:02","slug":"collezioni","status":"publish","type":"page","link":"https:\/\/mirelanovak.com\/it\/collezioni\/","title":{"rendered":"Collezioni"},"content":{"rendered":"\t\t<div data-elementor-type=\"wp-page\" data-elementor-id=\"14769\" class=\"elementor elementor-14769 elementor-10307\">\n\t\t\t\t\t\t<section class=\"elementor-section elementor-top-section elementor-element elementor-element-a5beb0d elementor-section-full_width qodef-elementor-content-grid elementor-reverse-tablet elementor-reverse-mobile no-space elementor-section-height-default elementor-section-height-default\" data-id=\"a5beb0d\" data-element_type=\"section\">\n\t\t\t\t\t\t<div class=\"elementor-container elementor-column-gap-no\">\n\t\t\t\t\t<div class=\"elementor-column elementor-col-50 elementor-top-column elementor-element elementor-element-af48c35 content\" data-id=\"af48c35\" data-element_type=\"column\" data-settings=\"{&quot;background_background&quot;:&quot;classic&quot;}\">\n\t\t\t<div class=\"elementor-widget-wrap elementor-element-populated\">\n\t\t\t\t\t\t<div class=\"elementor-element elementor-element-dcb5753 elementor-widget elementor-widget-valeska_core_section_title\" data-id=\"dcb5753\" data-element_type=\"widget\" data-widget_type=\"valeska_core_section_title.default\">\n\t\t\t\t<div class=\"elementor-widget-container\">\n\t\t\t\t\t<div class=\"qodef-shortcode qodef-m  qodef-section-title qodef-alignment--center  qodef-section-title-appear-animation--no \">\n\t\t\t<h3 class=\"qodef-m-title\" style=\"color: #DA1C5C;font-weight: 300\">\n\t\t\tIl look<br \/> perfetto\t<\/h3>\n\t\t<p class=\"qodef-m-text\" style=\"color: #DA1C5C\">Scopri chi sei, poi vestiti di conseguenza! La collezione riflette il tuo rapporto con te stessa, con il tuo corpo e la percezione che hai di te. \u201cLa donna \u00e8 un\u2019evoluzione di stile\u201d \u2013 MN.\n\nE con questo ho detto tutto. La donna \u00e8 fatta per tendere alla perfezione e rendere il mondo pi\u00f9 bello. Essere una donna ideale, perfetta, significa ispirare, stupire, sedurre, portare la bellezza e costruire un mondo armonioso intorno a te!\n\nThe Perfect Look \u00e8 una collezione opulenta ed elegante, pensata per esaltare la femminilit\u00e0, l\u2019eleganza e la sensualit\u00e0.<\/p>\n\t<\/div>\n\t\t\t\t<\/div>\n\t\t\t\t<\/div>\n\t\t\t\t<div class=\"elementor-element elementor-element-e43a032 elementor-widget elementor-widget-valeska_core_button\" data-id=\"e43a032\" data-element_type=\"widget\" data-widget_type=\"valeska_core_button.default\">\n\t\t\t\t<div class=\"elementor-widget-container\">\n\t\t\t\t\t<a class=\"qodef-shortcode qodef-m  qodef-button qodef-layout--outlined  qodef-html--link\" href=\"https:\/\/mirelanovak.com\/it\/categoria-prodotto\/il-look-perfetto\/\" target=\"_self\"  style=\"color: #FC32BA\">\n\t<span class=\"qodef-m-text\">Scopri la Collezione<\/span>\n<\/a>\n\t\t\t\t<\/div>\n\t\t\t\t<\/div>\n\t\t\t\t\t<\/div>\n\t\t<\/div>\n\t\t\t\t<div class=\"elementor-column elementor-col-50 elementor-top-column elementor-element elementor-element-e8fd1c8\" data-id=\"e8fd1c8\" data-element_type=\"column\" data-settings=\"{&quot;background_background&quot;:&quot;classic&quot;}\">\n\t\t\t<div class=\"elementor-widget-wrap elementor-element-populated\">\n\t\t\t\t\t\t<div class=\"elementor-element elementor-element-ebc8074 elementor-hidden-tablet elementor-widget elementor-widget-valeska_core_single_image\" data-id=\"ebc8074\" data-element_type=\"widget\" data-widget_type=\"valeska_core_single_image.default\">\n\t\t\t\t<div class=\"elementor-widget-container\">\n\t\t\t\t\t<div class=\"qodef-shortcode qodef-m qodef-zoom-scroll qodef-single-image qodef-layout--default  \">\n\t\t<div class=\"qodef-m-image\">\n\t\t\t\t\t\t<img fetchpriority=\"high\" decoding=\"async\" width=\"650\" height=\"650\" src=\"https:\/\/mirelanovak.com\/wp-content\/uploads\/2021\/10\/collection-3-650x650.jpg\" class=\"attachment-valeska_core_image_size_square size-valeska_core_image_size_square\" alt=\"\" srcset=\"https:\/\/mirelanovak.com\/wp-content\/uploads\/2021\/10\/collection-3-650x650.jpg 650w, https:\/\/mirelanovak.com\/wp-content\/uploads\/2021\/10\/collection-3-100x100.jpg 100w, https:\/\/mirelanovak.com\/wp-content\/uploads\/2021\/10\/collection-3-150x150.jpg 150w, https:\/\/mirelanovak.com\/wp-content\/uploads\/2021\/10\/collection-3-300x300.jpg 300w\" sizes=\"(max-width: 650px) 100vw, 650px\" \/>\t\t\t\t\t<\/div>\n<\/div>\n\t\t\t\t<\/div>\n\t\t\t\t<\/div>\n\t\t\t\t\t<\/div>\n\t\t<\/div>\n\t\t\t\t\t<\/div>\n\t\t<\/section>\n\t\t\t\t<section class=\"elementor-section elementor-top-section elementor-element elementor-element-3e4aa4d elementor-section-full_width qodef-elementor-content-grid no-space elementor-section-height-default elementor-section-height-default\" data-id=\"3e4aa4d\" data-element_type=\"section\">\n\t\t\t\t\t\t<div class=\"elementor-container elementor-column-gap-no\">\n\t\t\t\t\t<div class=\"elementor-column elementor-col-50 elementor-top-column elementor-element elementor-element-cbb1ecc\" data-id=\"cbb1ecc\" data-element_type=\"column\" data-settings=\"{&quot;background_background&quot;:&quot;classic&quot;}\">\n\t\t\t<div class=\"elementor-widget-wrap elementor-element-populated\">\n\t\t\t\t\t\t<div class=\"elementor-element elementor-element-63c6c72 elementor-hidden-tablet elementor-widget elementor-widget-valeska_core_single_image\" data-id=\"63c6c72\" data-element_type=\"widget\" data-widget_type=\"valeska_core_single_image.default\">\n\t\t\t\t<div class=\"elementor-widget-container\">\n\t\t\t\t\t<div class=\"qodef-shortcode qodef-m qodef-zoom-scroll qodef-single-image qodef-layout--default  \">\n\t\t<div class=\"qodef-m-image\">\n\t\t\t\t\t\t<img decoding=\"async\" width=\"650\" height=\"650\" src=\"https:\/\/mirelanovak.com\/wp-content\/uploads\/2021\/10\/collection-1-650x650.jpg\" class=\"attachment-valeska_core_image_size_square size-valeska_core_image_size_square\" alt=\"\" srcset=\"https:\/\/mirelanovak.com\/wp-content\/uploads\/2021\/10\/collection-1-650x650.jpg 650w, https:\/\/mirelanovak.com\/wp-content\/uploads\/2021\/10\/collection-1-100x100.jpg 100w, https:\/\/mirelanovak.com\/wp-content\/uploads\/2021\/10\/collection-1-150x150.jpg 150w, https:\/\/mirelanovak.com\/wp-content\/uploads\/2021\/10\/collection-1-300x300.jpg 300w\" sizes=\"(max-width: 650px) 100vw, 650px\" \/>\t\t\t\t\t<\/div>\n<\/div>\n\t\t\t\t<\/div>\n\t\t\t\t<\/div>\n\t\t\t\t\t<\/div>\n\t\t<\/div>\n\t\t\t\t<div class=\"elementor-column elementor-col-50 elementor-top-column elementor-element elementor-element-6791159 content\" data-id=\"6791159\" data-element_type=\"column\" data-settings=\"{&quot;background_background&quot;:&quot;classic&quot;}\">\n\t\t\t<div class=\"elementor-widget-wrap elementor-element-populated\">\n\t\t\t\t\t\t<div class=\"elementor-element elementor-element-fc938df elementor-widget elementor-widget-valeska_core_section_title\" data-id=\"fc938df\" data-element_type=\"widget\" data-widget_type=\"valeska_core_section_title.default\">\n\t\t\t\t<div class=\"elementor-widget-container\">\n\t\t\t\t\t<div class=\"qodef-shortcode qodef-m  qodef-section-title qodef-alignment--center  qodef-section-title-appear-animation--no \">\n\t\t\t<h3 class=\"qodef-m-title\" style=\"color: #DA1C5C;font-weight: 300\">\n\t\t\tTATTMN\t<\/h3>\n\t\t<p class=\"qodef-m-text\" style=\"color: #DA1C5C\">\u201cCon questa collezione faccio un passo verso la liberazione, offrendo allo spettatore la possibilit\u00e0 di connettersi con l\u2019abito, invitandolo a vedere ci\u00f2 che desidera vedere o ci\u00f2 che realmente vede.\u201d\n\nL\u2019abito diventa un mezzo di espressione artistica.\n\nTATTMN \u2013 Wear on Tattoo \u00e8 un concetto in cui l\u2019abito acquista significato e forma, proprio come un tatuaggio. Diventa qualcosa di estremamente personale, nato dall\u2019esigenza umana di dare un senso a un\u2019esperienza vissuta.\n\nIl punto di partenza di questo concept e collezione \u00e8 la carta dei tarocchi XII \u2013 L\u2019Appeso, simbolo di sospensione, transizione, tempo, attesa, spiritualit\u00e0, follia, positivit\u00e0 e negativit\u00e0.\n\nLa carta XII ha un\u2019ampia simbologia visiva e genera nuovi significati quando viene interpretata nel suo insieme con le altre carte della costellazione. Ogni persona pu\u00f2 darle un\u2019interpretazione diversa e unica.\n\nL\u2019idea alla base del concept \u00e8 che l\u2019abito nasce dalla necessit\u00e0 umana di dare un senso alle situazioni vissute, siano esse positive o negative. La collezione riflette entrambe le dimensioni dell\u2019esperienza umana.\n\nL\u2019idea, la forma e il simbolo vengono trasposti sull\u2019abito come un tatuaggio. L\u2019abito diventa una conferma visibile e tangibile della consapevolezza dell\u2019esperienza vissuta, un doppio del tatuaggio, un segno estetico e profondo al tempo stesso.<\/p>\n\t<\/div>\n\t\t\t\t<\/div>\n\t\t\t\t<\/div>\n\t\t\t\t<div class=\"elementor-element elementor-element-3b7ca74 elementor-widget elementor-widget-valeska_core_button\" data-id=\"3b7ca74\" data-element_type=\"widget\" data-widget_type=\"valeska_core_button.default\">\n\t\t\t\t<div class=\"elementor-widget-container\">\n\t\t\t\t\t<a class=\"qodef-shortcode qodef-m  qodef-button qodef-layout--outlined  qodef-html--link\" href=\"https:\/\/mirelanovak.com\/it\/categoria-prodotto\/tattmn-it\/\" target=\"_self\"  style=\"color: #FC32BA\">\n\t<span class=\"qodef-m-text\">Scopri la Collezione<\/span>\n<\/a>\n\t\t\t\t<\/div>\n\t\t\t\t<\/div>\n\t\t\t\t\t<\/div>\n\t\t<\/div>\n\t\t\t\t\t<\/div>\n\t\t<\/section>\n\t\t\t\t<section class=\"elementor-section elementor-top-section elementor-element elementor-element-b7e668d elementor-section-full_width qodef-elementor-content-grid elementor-reverse-tablet elementor-reverse-mobile no-space elementor-section-height-default elementor-section-height-default\" data-id=\"b7e668d\" data-element_type=\"section\">\n\t\t\t\t\t\t<div class=\"elementor-container elementor-column-gap-no\">\n\t\t\t\t\t<div class=\"elementor-column elementor-col-50 elementor-top-column elementor-element elementor-element-ffa5f83 content\" data-id=\"ffa5f83\" data-element_type=\"column\" data-settings=\"{&quot;background_background&quot;:&quot;classic&quot;}\">\n\t\t\t<div class=\"elementor-widget-wrap elementor-element-populated\">\n\t\t\t\t\t\t<div class=\"elementor-element elementor-element-7e2c569 elementor-widget elementor-widget-valeska_core_section_title\" data-id=\"7e2c569\" data-element_type=\"widget\" data-widget_type=\"valeska_core_section_title.default\">\n\t\t\t\t<div class=\"elementor-widget-container\">\n\t\t\t\t\t<div class=\"qodef-shortcode qodef-m  qodef-section-title qodef-alignment--center  qodef-section-title-appear-animation--no \">\n\t\t\t<h3 class=\"qodef-m-title\" style=\"color: #DA1C5C;font-weight: 300\">\n\t\t\tNew Woman<br \/> \t<\/h3>\n\t\t<p class=\"qodef-m-text\" style=\"color: #DA1C5C\">La collezione trasmette un messaggio chiaro: &quot;Segui le tue proprie regole&quot;.\n\nLa donna abbraccia la propria sensualit\u00e0 e non chiede il permesso a nessuno per essere chi \u00e8.\n\nLibera, naturale e davvero potente.<\/p>\n\t<\/div>\n\t\t\t\t<\/div>\n\t\t\t\t<\/div>\n\t\t\t\t<div class=\"elementor-element elementor-element-ecd51cd elementor-widget elementor-widget-valeska_core_button\" data-id=\"ecd51cd\" data-element_type=\"widget\" data-widget_type=\"valeska_core_button.default\">\n\t\t\t\t<div class=\"elementor-widget-container\">\n\t\t\t\t\t<a class=\"qodef-shortcode qodef-m  qodef-button qodef-layout--outlined  qodef-html--link\" href=\"https:\/\/mirelanovak.com\/it\/categoria-prodotto\/nuova-donna\/\" target=\"_self\"  style=\"color: #FC32BA\">\n\t<span class=\"qodef-m-text\">Scopri la Collezione<\/span>\n<\/a>\n\t\t\t\t<\/div>\n\t\t\t\t<\/div>\n\t\t\t\t\t<\/div>\n\t\t<\/div>\n\t\t\t\t<div class=\"elementor-column elementor-col-50 elementor-top-column elementor-element elementor-element-29f358f\" data-id=\"29f358f\" data-element_type=\"column\" data-settings=\"{&quot;background_background&quot;:&quot;classic&quot;}\">\n\t\t\t<div class=\"elementor-widget-wrap elementor-element-populated\">\n\t\t\t\t\t\t<div class=\"elementor-element elementor-element-ccf564a elementor-hidden-tablet elementor-widget elementor-widget-valeska_core_single_image\" data-id=\"ccf564a\" data-element_type=\"widget\" data-widget_type=\"valeska_core_single_image.default\">\n\t\t\t\t<div class=\"elementor-widget-container\">\n\t\t\t\t\t<div class=\"qodef-shortcode qodef-m qodef-zoom-scroll qodef-single-image qodef-layout--default  \">\n\t\t<div class=\"qodef-m-image\">\n\t\t\t\t\t\t<img decoding=\"async\" width=\"650\" height=\"650\" src=\"https:\/\/mirelanovak.com\/wp-content\/uploads\/2021\/10\/collection-650x650.jpg\" class=\"attachment-valeska_core_image_size_square size-valeska_core_image_size_square\" alt=\"\" srcset=\"https:\/\/mirelanovak.com\/wp-content\/uploads\/2021\/10\/collection-650x650.jpg 650w, https:\/\/mirelanovak.com\/wp-content\/uploads\/2021\/10\/collection-100x100.jpg 100w, https:\/\/mirelanovak.com\/wp-content\/uploads\/2021\/10\/collection-150x150.jpg 150w, https:\/\/mirelanovak.com\/wp-content\/uploads\/2021\/10\/collection-300x300.jpg 300w\" sizes=\"(max-width: 650px) 100vw, 650px\" \/>\t\t\t\t\t<\/div>\n<\/div>\n\t\t\t\t<\/div>\n\t\t\t\t<\/div>\n\t\t\t\t\t<\/div>\n\t\t<\/div>\n\t\t\t\t\t<\/div>\n\t\t<\/section>\n\t\t\t\t<section class=\"elementor-section elementor-top-section elementor-element elementor-element-2531c8a elementor-section-full_width qodef-elementor-content-grid no-space elementor-section-height-default elementor-section-height-default\" data-id=\"2531c8a\" data-element_type=\"section\">\n\t\t\t\t\t\t<div class=\"elementor-container elementor-column-gap-no\">\n\t\t\t\t\t<div class=\"elementor-column elementor-col-50 elementor-top-column elementor-element elementor-element-97e89a7\" data-id=\"97e89a7\" data-element_type=\"column\" data-settings=\"{&quot;background_background&quot;:&quot;classic&quot;}\">\n\t\t\t<div class=\"elementor-widget-wrap elementor-element-populated\">\n\t\t\t\t\t\t<div class=\"elementor-element elementor-element-d0aa6ac elementor-hidden-tablet elementor-widget elementor-widget-valeska_core_single_image\" data-id=\"d0aa6ac\" data-element_type=\"widget\" data-widget_type=\"valeska_core_single_image.default\">\n\t\t\t\t<div class=\"elementor-widget-container\">\n\t\t\t\t\t<div class=\"qodef-shortcode qodef-m qodef-zoom-scroll qodef-single-image qodef-layout--default  \">\n\t\t<div class=\"qodef-m-image\">\n\t\t\t\t\t\t<img loading=\"lazy\" decoding=\"async\" width=\"650\" height=\"650\" src=\"https:\/\/mirelanovak.com\/wp-content\/uploads\/2021\/10\/collection-2-650x650.jpg\" class=\"attachment-valeska_core_image_size_square size-valeska_core_image_size_square\" alt=\"\" srcset=\"https:\/\/mirelanovak.com\/wp-content\/uploads\/2021\/10\/collection-2-650x650.jpg 650w, https:\/\/mirelanovak.com\/wp-content\/uploads\/2021\/10\/collection-2-100x100.jpg 100w, https:\/\/mirelanovak.com\/wp-content\/uploads\/2021\/10\/collection-2-150x150.jpg 150w, https:\/\/mirelanovak.com\/wp-content\/uploads\/2021\/10\/collection-2-300x300.jpg 300w\" sizes=\"(max-width: 650px) 100vw, 650px\" \/>\t\t\t\t\t<\/div>\n<\/div>\n\t\t\t\t<\/div>\n\t\t\t\t<\/div>\n\t\t\t\t\t<\/div>\n\t\t<\/div>\n\t\t\t\t<div class=\"elementor-column elementor-col-50 elementor-top-column elementor-element elementor-element-fd89e97 content\" data-id=\"fd89e97\" data-element_type=\"column\" data-settings=\"{&quot;background_background&quot;:&quot;classic&quot;}\">\n\t\t\t<div class=\"elementor-widget-wrap elementor-element-populated\">\n\t\t\t\t\t\t<div class=\"elementor-element elementor-element-4a57f4c elementor-widget elementor-widget-valeska_core_section_title\" data-id=\"4a57f4c\" data-element_type=\"widget\" data-widget_type=\"valeska_core_section_title.default\">\n\t\t\t\t<div class=\"elementor-widget-container\">\n\t\t\t\t\t<div class=\"qodef-shortcode qodef-m  qodef-section-title qodef-alignment--center  qodef-section-title-appear-animation--no \">\n\t\t\t<h3 class=\"qodef-m-title\" style=\"color: #DA1C5C;font-weight: 300\">\n\t\t\tThe look<br \/> book\t<\/h3>\n\t\t<p class=\"qodef-m-text\" style=\"color: #DA1C5C\">Una collezione classica su cui costruire il tuo stile individuale.\n\nConsiderala un\u2019ispirazione, un incoraggiamento a trovare la sicurezza necessaria per creare outfit straordinari, che ti rappresentino e trasmettano il tuo messaggio personale in ogni occasione.<\/p>\n\t<\/div>\n\t\t\t\t<\/div>\n\t\t\t\t<\/div>\n\t\t\t\t<div class=\"elementor-element elementor-element-c48ff2e elementor-widget elementor-widget-valeska_core_button\" data-id=\"c48ff2e\" data-element_type=\"widget\" data-widget_type=\"valeska_core_button.default\">\n\t\t\t\t<div class=\"elementor-widget-container\">\n\t\t\t\t\t<a class=\"qodef-shortcode qodef-m  qodef-button qodef-layout--outlined  qodef-html--link\" href=\"https:\/\/mirelanovak.com\/it\/categoria-prodotto\/il-look-book\/\" target=\"_self\"  style=\"color: #FC32BA\">\n\t<span class=\"qodef-m-text\">Scopri la Collezione<\/span>\n<\/a>\n\t\t\t\t<\/div>\n\t\t\t\t<\/div>\n\t\t\t\t\t<\/div>\n\t\t<\/div>\n\t\t\t\t\t<\/div>\n\t\t<\/section>\n\t\t\t\t<\/div>\n\t\t","protected":false},"excerpt":{"rendered":"<p>Il look perfetto Scopri chi sei, poi vestiti di conseguenza! La collezione riflette il tuo rapporto con te stessa, con il tuo corpo e la percezione che hai di te. \u201cLa donna \u00e8 un\u2019evoluzione di stile\u201d \u2013 MN. E con questo ho detto tutto. La donna \u00e8 fatta per tendere alla perfezione e rendere il [&hellip;]<\/p>\n","protected":false},"author":1,"featured_media":0,"parent":0,"menu_order":0,"comment_status":"closed","ping_status":"closed","template":"","meta":{"footnotes":""},"class_list":["post-14769","page","type-page","status-publish","hentry"],"_links":{"self":[{"href":"https:\/\/mirelanovak.com\/it\/wp-json\/wp\/v2\/pages\/14769","targetHints":{"allow":["GET"]}}],"collection":[{"href":"https:\/\/mirelanovak.com\/it\/wp-json\/wp\/v2\/pages"}],"about":[{"href":"https:\/\/mirelanovak.com\/it\/wp-json\/wp\/v2\/types\/page"}],"author":[{"embeddable":true,"href":"https:\/\/mirelanovak.com\/it\/wp-json\/wp\/v2\/users\/1"}],"replies":[{"embeddable":true,"href":"https:\/\/mirelanovak.com\/it\/wp-json\/wp\/v2\/comments?post=14769"}],"version-history":[{"count":6,"href":"https:\/\/mirelanovak.com\/it\/wp-json\/wp\/v2\/pages\/14769\/revisions"}],"predecessor-version":[{"id":16927,"href":"https:\/\/mirelanovak.com\/it\/wp-json\/wp\/v2\/pages\/14769\/revisions\/16927"}],"wp:attachment":[{"href":"https:\/\/mirelanovak.com\/it\/wp-json\/wp\/v2\/media?parent=14769"}],"curies":[{"name":"wp","href":"https:\/\/api.w.org\/{rel}","templated":true}]}}