{"id":14817,"date":"2021-10-23T15:42:43","date_gmt":"2021-10-23T15:42:43","guid":{"rendered":"https:\/\/mirelanovak.com\/informazioni-sulla-consegna\/"},"modified":"2025-02-12T17:14:58","modified_gmt":"2025-02-12T17:14:58","slug":"informazioni-sulla-consegna","status":"publish","type":"page","link":"https:\/\/mirelanovak.com\/it\/informazioni-sulla-consegna\/","title":{"rendered":"Informazioni sulla consegna"},"content":{"rendered":"\n<p>Tutti gli ordini vengono consegnati con DHL o FAN COURIER<\/p>\n\n<p>Quando effettui l&#8217;ordine, assicurati che i dati relativi all&#8217;indirizzo di fatturazione e di spedizione siano corretti, in quanto non possiamo effettuare il reindirizzamento.<\/p>\n\n<p>L&#8217;indirizzo di fatturazione deve corrispondere a quello riportato sull&#8217;estratto conto della carta di credito.<\/p>\n\n<p>Quando il tuo ordine sar\u00e0 spedito, ti invieremo un&#8217;e-mail di conferma.<\/p>\n\n<p>Prima di poter spedire i tuoi acquisti, potremmo aver bisogno di confermare i tuoi dati con l&#8217;emittente della tua carta. Faremo del nostro meglio per ridurre al minimo i ritardi. I nostri tempi di consegna partono dal momento in cui l&#8217;ordine viene accettato e comprendono un periodo di 24 ore in cui gli articoli vengono elaborati e spediti dal nostro magazzino. Si prega di notare che i tempi possono essere pi\u00f9 lunghi durante i periodi di vendita, quando le spedizioni possono richiedere fino a 48 ore.   <\/p>\n\n<p>I tempi di consegna sono stimati e partono dalla data di spedizione. Ci impegniamo a spedire il tuo ordine il pi\u00f9 rapidamente possibile, ma non possiamo essere responsabili di ritardi dovuti a luoghi di consegna remoti o a condizioni meteorologiche avverse.  <\/p>\n\n<p>Per motivi di sicurezza, tutti gli acquisti online di mirelanovak.com richiedono una firma alla consegna. Tieni presente che il nostro servizio non \u00e8 un servizio di consegna nominativo e chiunque si trovi all&#8217;indirizzo di consegna designato pu\u00f2 firmare per la tua consegna. Non saremo responsabili di un ordine smarrito o mancante che sia stato firmato in un edificio, ad esempio all&#8217;indirizzo di un ufficio che \u00e8 stato indicato per la consegna.  <\/p>\n\n<p>Se nessuno \u00e8 disponibile a firmare per la consegna, l&#8217;autista effettuer\u00e0 un totale di tre tentativi di consegna in tre giorni lavorativi consecutivi. Se non c&#8217;\u00e8 ancora nessuno disponibile a firmare per il pacco, dopo 5 giorni senza alcuna comunicazione, il pacco verr\u00e0 restituito al nostro magazzino. <\/p>\n\n<p>Ti ricordiamo che durante il periodo dei saldi, il tuo ordine potrebbe essere spedito con una confezione ecologica. Gli articoli sono avvolti in carta velina e consegnati in una scatola marrone discreta e riciclabile al 100%, senza alcuna indicazione del contenuto. Purtroppo non forniamo n\u00e9 vendiamo confezioni regalo.  <\/p>\n\n<p>Durante il periodo dei saldi, il tuo ordine potrebbe subire un leggero ritardo. Ti preghiamo di attendere fino a 7 giorni lavorativi prima di ricevere il tuo ordine. <\/p>\n\n<p>Per qualsiasi domanda sulla consegna internazionale, contattaci su <a href=\"mailto:office@mirela.wildlaboratory.comnovak.com\">office@mirela.wildlaboratory.comnovak.com.<\/a><\/p>\n","protected":false},"excerpt":{"rendered":"<p>Tutti gli ordini vengono consegnati con DHL o FAN COURIER Quando effettui l&#8217;ordine, assicurati che i dati relativi all&#8217;indirizzo di fatturazione e di spedizione siano corretti, in quanto non possiamo effettuare il reindirizzamento. L&#8217;indirizzo di fatturazione deve corrispondere a quello riportato sull&#8217;estratto conto della carta di credito. Quando il tuo ordine sar\u00e0 spedito, ti invieremo [&hellip;]<\/p>\n","protected":false},"author":1,"featured_media":0,"parent":0,"menu_order":0,"comment_status":"closed","ping_status":"closed","template":"","meta":{"footnotes":""},"class_list":["post-14817","page","type-page","status-publish","hentry"],"_links":{"self":[{"href":"https:\/\/mirelanovak.com\/it\/wp-json\/wp\/v2\/pages\/14817","targetHints":{"allow":["GET"]}}],"collection":[{"href":"https:\/\/mirelanovak.com\/it\/wp-json\/wp\/v2\/pages"}],"about":[{"href":"https:\/\/mirelanovak.com\/it\/wp-json\/wp\/v2\/types\/page"}],"author":[{"embeddable":true,"href":"https:\/\/mirelanovak.com\/it\/wp-json\/wp\/v2\/users\/1"}],"replies":[{"embeddable":true,"href":"https:\/\/mirelanovak.com\/it\/wp-json\/wp\/v2\/comments?post=14817"}],"version-history":[{"count":2,"href":"https:\/\/mirelanovak.com\/it\/wp-json\/wp\/v2\/pages\/14817\/revisions"}],"predecessor-version":[{"id":14819,"href":"https:\/\/mirelanovak.com\/it\/wp-json\/wp\/v2\/pages\/14817\/revisions\/14819"}],"wp:attachment":[{"href":"https:\/\/mirelanovak.com\/it\/wp-json\/wp\/v2\/media?parent=14817"}],"curies":[{"name":"wp","href":"https:\/\/api.w.org\/{rel}","templated":true}]}}