{"id":14844,"date":"2021-10-23T15:41:48","date_gmt":"2021-10-23T15:41:48","guid":{"rendered":"https:\/\/mirelanovak.com\/termini-e-condizioni\/"},"modified":"2025-02-12T17:15:04","modified_gmt":"2025-02-12T17:15:04","slug":"termini-e-condizioni","status":"publish","type":"page","link":"https:\/\/mirelanovak.com\/it\/termini-e-condizioni\/","title":{"rendered":"Termini e condizioni"},"content":{"rendered":"\n<p>PANORAMICA<\/p>\n\n<p>Questo sito web \u00e8 gestito da MIRELA NOVAK SHOWROOM . In tutto il sito, i termini &#8220;noi\", &#8220;ci\", &#8220;ci\" e &#8220;nostro\" si riferiscono a MIRELA NOVAK SHOWROOM . MIRELA NOVAK SHOWROOM offre questo sito web, incluse tutte le informazioni, gli strumenti e i servizi disponibili in questo sito a te, l&#8217;utente, a condizione che tu accetti tutti i termini, le condizioni, le politiche e le comunicazioni qui riportate.  <\/p>\n\n<p>Visitando il nostro sito e\/o acquistando qualcosa da noi, ti impegni a usufruire del nostro &#8220;Servizio\" e accetti di essere vincolato dai seguenti termini e condizioni (&#8220;Termini del Servizio\", &#8220;Termini\"), compresi i termini e le condizioni e le politiche aggiuntive a cui si fa riferimento nel presente documento e\/o disponibili tramite collegamento ipertestuale. I presenti Termini di servizio si applicano a tutti gli utenti del sito, compresi, a titolo esemplificativo, gli utenti che sono navigatori, venditori, clienti, commercianti e\/o contributori di contenuti. <\/p>\n\n<p>Ti invitiamo a leggere attentamente i presenti Termini di servizio prima di accedere o utilizzare il nostro sito web. Accedendo o utilizzando qualsiasi parte del sito, accetti di essere vincolato dai presenti Termini di servizio. Se non accetti tutti i termini e le condizioni del presente contratto, non puoi accedere al sito web n\u00e9 utilizzare alcun servizio. Se i presenti Termini di servizio sono considerati un&#8217;offerta, l&#8217;accettazione \u00e8 espressamente limitata ai presenti Termini di servizio.   <\/p>\n\n<p>Qualsiasi nuova funzionalit\u00e0 o strumento aggiunto all&#8217;attuale negozio sar\u00e0 soggetto ai Termini di servizio. Puoi consultare la versione pi\u00f9 aggiornata dei Termini di servizio in qualsiasi momento su questa pagina. Ci riserviamo il diritto di aggiornare, modificare o sostituire qualsiasi parte dei presenti Termini di servizio pubblicando aggiornamenti e\/o modifiche sul nostro sito web. L&#8217;uso continuato o l&#8217;accesso al sito web da parte dell&#8217;utente in seguito alla pubblicazione di eventuali modifiche costituisce accettazione di tali modifiche.    <\/p>\n\n<p>SEZIONE 1 &#8211; CONDIZIONI DEL NEGOZIO ONLINE<\/p>\n\n<p>Accettando i presenti Termini di servizio, dichiari di essere almeno maggiorenne nel tuo stato o provincia di residenza, oppure di essere maggiorenne nel tuo stato o provincia di residenza e di averci dato il consenso a consentire l&#8217;utilizzo di questo sito a qualsiasi persona minorenne a tuo carico.<\/p>\n\n<p>L&#8217;utente non pu\u00f2 utilizzare i nostri prodotti per scopi illegali o non autorizzati n\u00e9 pu\u00f2, nell&#8217;uso del Servizio, violare le leggi vigenti nella sua giurisdizione (incluse, a titolo esemplificativo, le leggi sul copyright).<\/p>\n\n<p>L&#8217;utente non deve trasmettere worm o virus o qualsiasi codice di natura distruttiva.<\/p>\n\n<p>L&#8217;infrazione o la violazione di uno qualsiasi dei Termini comporter\u00e0 l&#8217;immediata cessazione dei Servizi dell&#8217;utente.<\/p>\n\n<p>SEZIONE 2 &#8211; CONDIZIONI GENERALI<\/p>\n\n<p>Ci riserviamo il diritto di rifiutare il servizio a chiunque per qualsiasi motivo e in qualsiasi momento.<\/p>\n\n<p>L&#8217;utente \u00e8 consapevole che i suoi contenuti (escluse le informazioni sulla carta di credito) possono essere trasferiti in modo non criptato e comportano (a) trasmissioni su varie reti e (b) modifiche per conformarsi e adattarsi ai requisiti tecnici delle reti o dei dispositivi di connessione. Le informazioni sulla carta di credito sono sempre criptate durante il trasferimento sulle reti.   <\/p>\n\n<p>L&#8217;utente accetta di non riprodurre, duplicare, copiare, vendere, rivendere o sfruttare qualsiasi parte del Servizio, l&#8217;uso del Servizio o l&#8217;accesso al Servizio o qualsiasi contatto sul sito web attraverso il quale viene fornito il servizio, senza l&#8217;espressa autorizzazione scritta da parte nostra.<\/p>\n\n<p>I titoli utilizzati nel presente contratto sono inclusi solo per comodit\u00e0 e non limitano o influenzano in altro modo i presenti Termini.<\/p>\n\n<p>SEZIONE 3 &#8211; ACCURATEZZA, COMPLETEZZA E TEMPESTIVIT\u00c0 DELLE INFORMAZIONI<\/p>\n\n<p>Non siamo responsabili se le informazioni rese disponibili su questo sito non sono accurate, complete o aggiornate. Il materiale contenuto in questo sito \u00e8 fornito solo a titolo informativo e non deve essere utilizzato come unica base per prendere decisioni senza consultare fonti di informazione primarie, pi\u00f9 accurate, pi\u00f9 complete o pi\u00f9 tempestive. Qualsiasi affidamento sul materiale contenuto in questo sito \u00e8 a rischio dell&#8217;utente.  <\/p>\n\n<p>Le informazioni storiche non sono necessariamente aggiornate e sono fornite solo come riferimento. Ci riserviamo il diritto di modificare i contenuti del sito in qualsiasi momento, ma non abbiamo alcun obbligo di aggiornare le informazioni presenti sul nostro sito. L&#8217;utente accetta che \u00e8 sua responsabilit\u00e0 monitorare le modifiche apportate al nostro sito.   <\/p>\n\n<p>SEZIONE 4 &#8211; MODIFICHE AL SERVIZIO E AI PREZZI<\/p>\n\n<p>I prezzi dei nostri prodotti sono soggetti a variazioni senza preavviso.<\/p>\n\n<p>Ci riserviamo il diritto di modificare o interrompere in qualsiasi momento il Servizio (o qualsiasi sua parte o contenuto) senza preavviso.<\/p>\n\n<p>Non saremo responsabili nei confronti dell&#8217;utente o di terzi per qualsiasi modifica, variazione di prezzo, sospensione o interruzione del Servizio.<\/p>\n\n<p>SEZIONE 5 &#8211; PRODOTTI O SERVIZI (se applicabile)<\/p>\n\n<p>Alcuni prodotti o servizi possono essere disponibili esclusivamente online attraverso il sito. Questi prodotti o servizi possono avere quantit\u00e0 limitate e sono soggetti a restituzione o sostituzione solo in base alla nostra Politica di restituzione. <\/p>\n\n<p>Abbiamo fatto ogni sforzo per visualizzare nel modo pi\u00f9 accurato possibile i colori e le immagini dei nostri prodotti che appaiono in negozio. Non possiamo garantire che il display del tuo computer visualizzi i colori in modo accurato. <\/p>\n\n<p>Ci riserviamo il diritto, ma non l&#8217;obbligo, di limitare le vendite dei nostri prodotti o Servizi a qualsiasi persona, regione geografica o giurisdizione. Possiamo esercitare questo diritto caso per caso. Ci riserviamo il diritto di limitare le quantit\u00e0 di qualsiasi prodotto o servizio che offriamo. Ci riserviamo il diritto di interrompere qualsiasi prodotto in qualsiasi momento. Qualsiasi offerta di prodotti o servizi fatta su questo sito \u00e8 nulla laddove vietata.     <\/p>\n\n<p>Non garantiamo che la qualit\u00e0 di qualsiasi prodotto, servizio, informazione o altro materiale acquistato o ottenuto dall&#8217;utente soddisfi le sue aspettative o che qualsiasi errore nel Servizio venga corretto.<\/p>\n\n<p>SEZIONE 6 &#8211; ACCURATEZZA DELLE INFORMAZIONI DI FATTURAZIONE E DELL&#8217;ACCOUNT<\/p>\n\n<p>Ci riserviamo il diritto di rifiutare qualsiasi ordine effettuato dall&#8217;utente e possiamo, a nostra esclusiva discrezione, limitare o annullare le quantit\u00e0 acquistate per persona, per famiglia o per ordine. Tali limitazioni possono includere ordini effettuati da o con lo stesso account cliente, la stessa carta di credito e\/o ordini che utilizzano lo stesso indirizzo di fatturazione e\/o spedizione. Nel caso in cui dovessimo modificare o cancellare un ordine, potremmo tentare di informare l&#8217;utente contattando l&#8217;e-mail e\/o l&#8217;indirizzo di fatturazione\/numero di telefono forniti al momento dell&#8217;ordine. Ci riserviamo il diritto di limitare o vietare gli ordini che, a nostro insindacabile giudizio, sembrano essere effettuati da rivenditori, concessionari o distributori.    <\/p>\n\n<p>Accetti di fornire informazioni aggiornate, complete e accurate sull&#8217;acquisto e sull&#8217;account per tutti gli acquisti effettuati presso il nostro negozio. Accetti di aggiornare tempestivamente il tuo account e altre informazioni, tra cui il tuo indirizzo e-mail e i numeri e le date di scadenza delle carte di credito, in modo che possiamo completare le tue transazioni e contattarti se necessario. <\/p>\n\n<p>Per maggiori dettagli, consulta la nostra Politica sui resi.<\/p>\n\n<p>SEZIONE 7 &#8211; STRUMENTI OPZIONALI<\/p>\n\n<p>Potremmo fornirti l&#8217;accesso a strumenti di terze parti sui quali non abbiamo alcun controllo o input.<\/p>\n\n<p>L&#8217;utente riconosce e accetta che forniamo l&#8217;accesso a tali strumenti &#8220;cos\u00ec come sono\" e &#8220;come disponibili\" senza garanzie, dichiarazioni o condizioni di alcun tipo e senza alcuna approvazione. Non avremo alcuna responsabilit\u00e0 derivante da o relativa all&#8217;utilizzo da parte dell&#8217;utente di strumenti opzionali di terzi. <\/p>\n\n<p>L&#8217;utilizzo da parte dell&#8217;utente di strumenti opzionali offerti attraverso il sito \u00e8 interamente a suo rischio e discrezione e l&#8217;utente deve assicurarsi di conoscere e approvare i termini in base ai quali gli strumenti sono forniti dai relativi fornitori terzi.<\/p>\n\n<p>Potremmo anche, in futuro, offrire nuovi servizi e\/o funzionalit\u00e0 attraverso il sito web (incluso il rilascio di nuovi strumenti e risorse). Anche tali nuove funzionalit\u00e0 e\/o servizi saranno soggetti ai presenti Termini di servizio. <\/p>\n\n<p>SEZIONE 8 &#8211; LINK DI TERZE PARTI<\/p>\n\n<p>Alcuni contenuti, prodotti e servizi disponibili tramite il nostro Servizio possono includere materiali di terze parti.<\/p>\n\n<p>I link di terze parti presenti su questo sito possono indirizzare l&#8217;utente a siti web di terze parti che non sono affiliati a noi. Non siamo responsabili dell&#8217;esame o della valutazione del contenuto o dell&#8217;accuratezza e non garantiamo e non avremo alcuna responsabilit\u00e0 per i materiali o i siti web di terze parti o per qualsiasi altro materiale, prodotto o servizio di terze parti. <\/p>\n\n<p>Non siamo responsabili di eventuali danni o pregiudizi legati all&#8217;acquisto o all&#8217;utilizzo di beni, servizi, risorse, contenuti o altre transazioni effettuate in relazione a siti web di terzi. Ti invitiamo a leggere attentamente le politiche e le pratiche delle terze parti e ad assicurarti di averle comprese prima di effettuare qualsiasi transazione. Reclami, reclami, dubbi o domande riguardanti prodotti di terze parti devono essere rivolti a queste ultime.  <\/p>\n\n<p>SEZIONE 9 &#8211; COMMENTI DEGLI UTENTI, FEEDBACK E ALTRI CONTRIBUTI<\/p>\n\n<p>Se, su nostra richiesta, invii alcuni invii specifici (ad esempio le iscrizioni a un concorso) o senza una nostra richiesta invii idee creative, suggerimenti, proposte, piani o altri materiali, sia online, che via e-mail, per posta o in altro modo (collettivamente, &#8220;commenti\"), accetti che possiamo, in qualsiasi momento, senza restrizioni, modificare, copiare, pubblicare, distribuire, tradurre e utilizzare in altro modo con qualsiasi mezzo i commenti che ci invii. Non abbiamo e non avremo alcun obbligo (1) di mantenere la riservatezza dei commenti; (2) di pagare un compenso per i commenti; o (3) di rispondere ai commenti. <\/p>\n\n<p>Possiamo, ma non abbiamo l&#8217;obbligo di, monitorare, modificare o rimuovere i contenuti che riteniamo, a nostra esclusiva discrezione, illegali, offensivi, minacciosi, calunniosi, diffamatori, pornografici, osceni o altrimenti discutibili o che violano la propriet\u00e0 intellettuale di una parte o i presenti Termini di servizio.<\/p>\n\n<p>L&#8217;utente accetta che i suoi commenti non violino alcun diritto di terzi, inclusi copyright, marchi di fabbrica, privacy, personalit\u00e0 o altri diritti personali o proprietari. Accetti inoltre che i tuoi commenti non contengano materiale diffamatorio o altrimenti illegale, abusivo o osceno, n\u00e9 contengano virus informatici o altri malware che possano in qualche modo compromettere il funzionamento del Servizio o di qualsiasi sito web correlato. L&#8217;utente non pu\u00f2 utilizzare un indirizzo e-mail falso, fingere di essere una persona diversa da s\u00e9 stesso o ingannare in altro modo noi o terzi circa l&#8217;origine dei commenti. L&#8217;utente \u00e8 l&#8217;unico responsabile dei commenti che invia e della loro accuratezza. Non ci assumiamo alcuna responsabilit\u00e0 per i commenti inviati dall&#8217;utente o da terzi.    <\/p>\n\n<p>SEZIONE 10 &#8211; INFORMAZIONI PERSONALI<\/p>\n\n<p>L&#8217;invio di informazioni personali da parte dell&#8217;utente attraverso il negozio \u00e8 regolato dalla nostra Informativa sulla privacy. Per visualizzare la nostra Informativa sulla privacy. <\/p>\n\n<p>SEZIONE 11 &#8211; ERRORI, IMPRECISIONI E OMISSIONI<\/p>\n\n<p>Occasionalmente, le informazioni presenti sul nostro sito o nel Servizio possono contenere errori tipografici, imprecisioni o omissioni che possono riguardare le descrizioni dei prodotti, i prezzi, le promozioni, le offerte, le spese di spedizione dei prodotti, i tempi di transito e la disponibilit\u00e0. Ci riserviamo il diritto di correggere eventuali errori, imprecisioni o omissioni e di modificare o aggiornare le informazioni o annullare gli ordini se le informazioni contenute nel Servizio o in qualsiasi sito web correlato sono imprecise, in qualsiasi momento e senza preavviso (anche dopo che l&#8217;utente ha inviato l&#8217;ordine). <\/p>\n\n<p>Non ci assumiamo alcun obbligo di aggiornare, modificare o chiarire le informazioni contenute nel Servizio o in qualsiasi sito web correlato, incluse, a titolo esemplificativo, le informazioni sui prezzi, ad eccezione di quanto richiesto dalla legge. Nessuna data di aggiornamento o refresh specificata applicata nel Servizio o in qualsiasi sito web correlato deve essere considerata come indicativa del fatto che tutte le informazioni contenute nel Servizio o in qualsiasi sito web correlato sono state modificate o aggiornate. <\/p>\n\n<p>SEZIONE 12 &#8211; USI VIETATI<\/p>\n\n<p>Oltre ad altri divieti indicati nei Termini di servizio, all&#8217;utente \u00e8 vietato utilizzare il sito o i suoi contenuti: (a) per qualsiasi scopo illegale; (b) per sollecitare altri a compiere o partecipare ad atti illegali; (c) per violare regolamenti, norme, leggi o ordinanze locali internazionali, federali, provinciali o statali; (d) per infrangere o violare i nostri diritti di propriet\u00e0 intellettuale o i diritti di propriet\u00e0 intellettuale di altri; (e) molestare, maltrattare, insultare, danneggiare, diffamare, calunniare, denigrare, intimidire o discriminare in base al sesso, all&#8217;orientamento sessuale, alla religione, all&#8217;etnia, alla razza, all&#8217;et\u00e0, all&#8217;origine nazionale o alla disabilit\u00e0; (f) inviare informazioni false o fuorvianti; (g) caricare o trasmettere virus o qualsiasi altro tipo di codice maligno che verr\u00e0 o potr\u00e0 essere utilizzato in qualsiasi modo per compromettere la funzionalit\u00e0 o il funzionamento del Servizio o di qualsiasi sito web correlato, di altri siti web o di Internet; (h) raccogliere o tracciare le informazioni personali di altri; (i) spammare, phish, pharm, pretext, spider, crawl o scrape; (j) per qualsiasi scopo osceno o immorale; o (k) interferire con o aggirare le caratteristiche di sicurezza del Servizio o di qualsiasi sito web correlato, di altri siti web o di Internet. Ci riserviamo il diritto di interrompere l&#8217;utilizzo del Servizio o di qualsiasi sito web correlato da parte dell&#8217;utente in caso di violazione di uno qualsiasi degli usi vietati.            <\/p>\n\n<p>SEZIONE 13 &#8211; ESCLUSIONE DI GARANZIE; LIMITAZIONE DI RESPONSABILIT\u00c0<\/p>\n\n<p>Non garantiamo, dichiariamo o assicuriamo che l&#8217;utilizzo del nostro servizio da parte dell&#8217;utente sar\u00e0 ininterrotto, tempestivo, sicuro o privo di errori.<\/p>\n\n<p>Non garantiamo che i risultati che possono essere ottenuti dall&#8217;uso del servizio siano accurati o affidabili.<\/p>\n\n<p>L&#8217;utente accetta che di tanto in tanto possiamo rimuovere il servizio per periodi di tempo indefiniti o cancellare il servizio in qualsiasi momento, senza preavviso.<\/p>\n\n<p>L&#8217;utente accetta espressamente che l&#8217;uso o l&#8217;impossibilit\u00e0 di usare il servizio \u00e8 a suo esclusivo rischio. Il servizio e tutti i prodotti e servizi forniti all&#8217;utente attraverso il servizio sono (salvo quanto espressamente dichiarato da noi) forniti &#8220;cos\u00ec come sono\" e &#8220;cos\u00ec come sono disponibili\" per l&#8217;uso da parte dell&#8217;utente, senza alcuna dichiarazione, garanzia o condizione di alcun tipo, sia espressa che implicita, incluse tutte le garanzie o condizioni implicite di commerciabilit\u00e0, qualit\u00e0 commerciabile, idoneit\u00e0 per uno scopo particolare, durata, titolo e non violazione. <\/p>\n\n<p>In nessun caso MIRELA NOVAK SHOWROOM, i nostri direttori, funzionari, dipendenti, affiliati, agenti, appaltatori, stagisti, fornitori, fornitori di servizi o licenziatari saranno responsabili per qualsiasi lesione, perdita, reclamo o qualsiasi danno diretto, indiretto, incidentale, punitivo, speciale o consequenziale di qualsiasi tipo, inclusi, senza limitazioni, la perdita di profitti, la perdita di entrate, la perdita di risparmi, la perdita di dati, i costi di sostituzione o qualsiasi danno simile, sia basato su contratto, illecito (inclusa la negligenza), responsabilit\u00e0 oggettiva o altro, derivante dall&#8217;utilizzo del servizio o di qualsiasi prodotto ottenuto utilizzando il servizio, o per qualsiasi altra rivendicazione correlata in qualsiasi modo all&#8217;utilizzo del servizio o di qualsiasi prodotto, inclusi, ma non solo, eventuali errori o omissioni in qualsiasi contenuto, o qualsiasi perdita o danno di qualsiasi tipo verificatosi a seguito dell&#8217;utilizzo del servizio o di qualsiasi contenuto (o prodotto) pubblicato, trasmesso o altrimenti reso disponibile tramite il servizio, anche se avvisato della loro possibilit\u00e0. Poich\u00e9 alcuni stati o giurisdizioni non consentono l&#8217;esclusione o la limitazione di responsabilit\u00e0 per danni conseguenti o incidentali, in tali stati o giurisdizioni la nostra responsabilit\u00e0 sar\u00e0 limitata al massimo consentito dalla legge. <\/p>\n\n<p>SEZIONE 14 &#8211; RISARCIMENTO<\/p>\n\n<p>Accetti di indennizzare, difendere e tenere indenne MIRELA NOVAK SHOWROOM e le nostre societ\u00e0 madri, consociate, affiliate, partner, funzionari, direttori, agenti, appaltatori, licenziatari, fornitori di servizi, subappaltatori, fornitori, stagisti e dipendenti, da qualsiasi reclamo o richiesta, comprese le ragionevoli spese legali, avanzate da qualsiasi terza parte a causa di o derivanti dalla tua violazione di questi Termini di Servizio o dei documenti che essi incorporano come riferimento, o dalla tua violazione di qualsiasi legge o dei diritti di una terza parte.<\/p>\n\n<p>SEZIONE 15 &#8211; SEPARABILIT\u00c0<\/p>\n\n<p>Nel caso in cui una qualsiasi disposizione dei presenti Termini di servizio sia ritenuta illegale, nulla o inapplicabile, tale disposizione sar\u00e0 comunque applicabile nella misura massima consentita dalla legge applicabile e la parte inapplicabile sar\u00e0 considerata separata dai presenti Termini di servizio; tale determinazione non pregiudicher\u00e0 la validit\u00e0 e l&#8217;applicabilit\u00e0 delle altre disposizioni rimanenti.<\/p>\n\n<p>SEZIONE 16 &#8211; RISOLUZIONE<\/p>\n\n<p>Gli obblighi e le responsabilit\u00e0 delle parti assunti prima della data di risoluzione sopravvivranno alla risoluzione del presente contratto a tutti gli effetti.<\/p>\n\n<p>L&#8217;utente pu\u00f2 recedere dai presenti Termini di servizio in qualsiasi momento comunicandoci che non desidera pi\u00f9 utilizzare i nostri Servizi o quando cessa di utilizzare il nostro sito. <\/p>\n\n<p>Se, a nostro insindacabile giudizio, l&#8217;utente non rispetta, o sospettiamo che non abbia rispettato, qualsiasi termine o disposizione dei presenti Termini di servizio, possiamo anche risolvere il presente contratto in qualsiasi momento senza preavviso e l&#8217;utente rimarr\u00e0 responsabile per tutti gli importi dovuti fino alla data di risoluzione inclusa; e\/o di conseguenza possiamo negargli l&#8217;accesso ai nostri Servizi (o a qualsiasi parte di essi).<\/p>\n\n<p>SEZIONE 17 &#8211; INTERO CONTRATTO<\/p>\n\n<p>Il mancato esercizio o applicazione da parte nostra di qualsiasi diritto o disposizione dei presenti Termini di servizio non costituir\u00e0 una rinuncia a tale diritto o disposizione.<\/p>\n\n<p>I presenti Termini di servizio e le eventuali politiche o regole operative pubblicate da noi su questo sito o in relazione al Servizio costituiscono l&#8217;intero accordo e l&#8217;intesa tra l&#8217;utente e noi e regolano l&#8217;uso del Servizio da parte dell&#8217;utente, sostituendo qualsiasi accordo, comunicazione e proposta, orale o scritta, precedente o contemporanea, tra l&#8217;utente e noi (incluse, a titolo esemplificativo ma non esaustivo, eventuali versioni precedenti dei Termini di servizio).<\/p>\n\n<p>Eventuali ambiguit\u00e0 nell&#8217;interpretazione dei presenti Termini di servizio non saranno interpretate a sfavore della parte che li ha redatti.<\/p>\n\n<p>SEZIONE 18 &#8211; MODIFICHE AI TERMINI DI SERVIZIO<\/p>\n\n<p>Puoi consultare la versione pi\u00f9 aggiornata dei Termini di servizio in qualsiasi momento a questa pagina.<\/p>\n\n<p>Ci riserviamo il diritto, a nostra esclusiva discrezione, di aggiornare, modificare o sostituire qualsiasi parte dei presenti Termini di servizio pubblicando aggiornamenti e modifiche sul nostro sito web. L&#8217;uso o l&#8217;accesso al nostro sito web o al Servizio da parte dell&#8217;utente dopo la pubblicazione di eventuali modifiche ai presenti Termini di servizio costituisce accettazione di tali modifiche.  <\/p>\n\n<p>SEZIONE 20 &#8211; INFORMAZIONI DI CONTATTO<\/p>\n\n<p>Le domande relative ai Termini del Servizio devono essere inviate a office@mirela.wildlaboratory.comnovak.com.<\/p>\n","protected":false},"excerpt":{"rendered":"<p>PANORAMICA Questo sito web \u00e8 gestito da MIRELA NOVAK SHOWROOM . In tutto il sito, i termini &#8220;noi\", &#8220;ci\", &#8220;ci\" e &#8220;nostro\" si riferiscono a MIRELA NOVAK SHOWROOM . MIRELA NOVAK SHOWROOM offre questo sito web, incluse tutte le informazioni, gli strumenti e i servizi disponibili in questo sito a te, l&#8217;utente, a condizione che [&hellip;]<\/p>\n","protected":false},"author":1,"featured_media":0,"parent":0,"menu_order":0,"comment_status":"closed","ping_status":"closed","template":"","meta":{"footnotes":""},"class_list":["post-14844","page","type-page","status-publish","hentry"],"_links":{"self":[{"href":"https:\/\/mirelanovak.com\/it\/wp-json\/wp\/v2\/pages\/14844","targetHints":{"allow":["GET"]}}],"collection":[{"href":"https:\/\/mirelanovak.com\/it\/wp-json\/wp\/v2\/pages"}],"about":[{"href":"https:\/\/mirelanovak.com\/it\/wp-json\/wp\/v2\/types\/page"}],"author":[{"embeddable":true,"href":"https:\/\/mirelanovak.com\/it\/wp-json\/wp\/v2\/users\/1"}],"replies":[{"embeddable":true,"href":"https:\/\/mirelanovak.com\/it\/wp-json\/wp\/v2\/comments?post=14844"}],"version-history":[{"count":2,"href":"https:\/\/mirelanovak.com\/it\/wp-json\/wp\/v2\/pages\/14844\/revisions"}],"predecessor-version":[{"id":14849,"href":"https:\/\/mirelanovak.com\/it\/wp-json\/wp\/v2\/pages\/14844\/revisions\/14849"}],"wp:attachment":[{"href":"https:\/\/mirelanovak.com\/it\/wp-json\/wp\/v2\/media?parent=14844"}],"curies":[{"name":"wp","href":"https:\/\/api.w.org\/{rel}","templated":true}]}}