{"id":14800,"date":"2021-10-23T15:43:17","date_gmt":"2021-10-23T15:43:17","guid":{"rendered":"https:\/\/mirelanovak.com\/internasjonal-transport\/"},"modified":"2025-02-12T17:14:57","modified_gmt":"2025-02-12T17:14:57","slug":"internasjonal-transport","status":"publish","type":"page","link":"https:\/\/mirelanovak.com\/no\/internasjonal-transport\/","title":{"rendered":"Internasjonal transport"},"content":{"rendered":"\n<p>Vi sender fra mandag til fredag, unntatt p\u00e5 helligdager.<\/p>\n\n<p>Vi har inng\u00e5tt et samarbeid med Global-e, slik at vi kan sende mirelanovak.com-bestillinger til over 190 land fra v\u00e5r internasjonale nettside. Leveringstider, kostnader og avgifter avhenger av leveringsstedet ditt og vil vises i kassen. <\/p>\n\n<p>For eventuelle sp\u00f8rsm\u00e5l, vennligst kontakt <a href=\"mailto:office@mirela.wildlaboratory.comnovak.com\">office@mirela.wildlaboratory.comnovak.com<\/a> eller +40748045589<\/p>\n","protected":false},"excerpt":{"rendered":"<p>Vi sender fra mandag til fredag, unntatt p\u00e5 helligdager. Vi har inng\u00e5tt et samarbeid med Global-e, slik at vi kan sende mirelanovak.com-bestillinger til over 190 land fra v\u00e5r internasjonale nettside. Leveringstider, kostnader og avgifter avhenger av leveringsstedet ditt og vil vises i kassen. For eventuelle sp\u00f8rsm\u00e5l, vennligst kontakt office@mirela.wildlaboratory.comnovak.com eller +40748045589<\/p>\n","protected":false},"author":1,"featured_media":0,"parent":0,"menu_order":0,"comment_status":"closed","ping_status":"closed","template":"","meta":{"footnotes":""},"class_list":["post-14800","page","type-page","status-publish","hentry"],"_links":{"self":[{"href":"https:\/\/mirelanovak.com\/no\/wp-json\/wp\/v2\/pages\/14800","targetHints":{"allow":["GET"]}}],"collection":[{"href":"https:\/\/mirelanovak.com\/no\/wp-json\/wp\/v2\/pages"}],"about":[{"href":"https:\/\/mirelanovak.com\/no\/wp-json\/wp\/v2\/types\/page"}],"author":[{"embeddable":true,"href":"https:\/\/mirelanovak.com\/no\/wp-json\/wp\/v2\/users\/1"}],"replies":[{"embeddable":true,"href":"https:\/\/mirelanovak.com\/no\/wp-json\/wp\/v2\/comments?post=14800"}],"version-history":[{"count":2,"href":"https:\/\/mirelanovak.com\/no\/wp-json\/wp\/v2\/pages\/14800\/revisions"}],"predecessor-version":[{"id":14803,"href":"https:\/\/mirelanovak.com\/no\/wp-json\/wp\/v2\/pages\/14800\/revisions\/14803"}],"wp:attachment":[{"href":"https:\/\/mirelanovak.com\/no\/wp-json\/wp\/v2\/media?parent=14800"}],"curies":[{"name":"wp","href":"https:\/\/api.w.org\/{rel}","templated":true}]}}