{"id":14811,"date":"2021-10-23T15:42:43","date_gmt":"2021-10-23T15:42:43","guid":{"rendered":"https:\/\/mirelanovak.com\/informasjon-om-levering\/"},"modified":"2025-02-12T17:14:58","modified_gmt":"2025-02-12T17:14:58","slug":"informasjon-om-levering","status":"publish","type":"page","link":"https:\/\/mirelanovak.com\/no\/informasjon-om-levering\/","title":{"rendered":"Informasjon om levering"},"content":{"rendered":"\n<p>Alle bestillinger leveres med DHL eller FAN COURIER<\/p>\n\n<p>N\u00e5r du legger inn bestillingen, m\u00e5 du forsikre deg om at fakturerings- og leveringsadressen er korrekt, da vi ikke kan omdirigere.<\/p>\n\n<p>V\u00e6r oppmerksom p\u00e5 at faktureringsadressen m\u00e5 stemme overens med adressen p\u00e5 kredittkortutskriften din.<\/p>\n\n<p>N\u00e5r bestillingen din er sendt, sender vi deg en bekreftelse p\u00e5 e-post.<\/p>\n\n<p>F\u00f8r vi kan sende kj\u00f8pene dine, kan det hende at vi m\u00e5 bekrefte opplysningene dine hos kortutstederen din. Vi vil gj\u00f8re v\u00e5rt beste for \u00e5 holde forsinkelsene p\u00e5 et minimum. Leveringstiden v\u00e5r starter fra det \u00f8yeblikket en bestilling er akseptert og inkluderer en 24-timers periode der varene dine blir behandlet og sendt fra lageret v\u00e5rt. V\u00e6r oppmerksom p\u00e5 at dette kan ta lengre tid i salgsperiodene v\u00e5re, da det kan ta opptil 48 timer f\u00f8r forsendelsene sendes ut.   <\/p>\n\n<p>Leveringstidene er estimerte og starter fra utsendelsesdatoen. V\u00e6r oppmerksom p\u00e5 at det i noen omr\u00e5der er et begrenset utvalg av leveringstjenester tilgjengelig. Vi vil fors\u00f8ke \u00e5 sende ut bestillingen din s\u00e5 raskt som mulig, men vi kan ikke holdes ansvarlige for forsinkelser som skyldes avsidesliggende leveringssteder eller ugunstige v\u00e6rforhold.  <\/p>\n\n<p>Av sikkerhetsgrunner krever alle nettkj\u00f8p p\u00e5 mirelanovak.com en signatur ved levering. V\u00e6r oppmerksom p\u00e5 at tjenesten v\u00e5r ikke er en navngitt leveringstjeneste, og at hvem som helst p\u00e5 den angitte leveringsadressen kan signere for leveransen din. Vi er ikke ansvarlige for en tapt eller manglende bestilling som er signert i en bygning, for eksempel en kontoradresse som er oppgitt for levering.  <\/p>\n\n<p>Hvis ingen er tilgjengelig for \u00e5 kvittere for leveransen, vil sj\u00e5f\u00f8ren gj\u00f8re totalt tre leveringsfors\u00f8k p\u00e5 tre p\u00e5f\u00f8lgende virkedager. Hvis det fortsatt ikke er noen tilgjengelig for \u00e5 kvittere for pakken etter fem dager uten kommunikasjon, vil den bli returnert til lageret v\u00e5rt. <\/p>\n\n<p>V\u00e6r oppmerksom p\u00e5 at i salgsperioden kan bestillingen din bli sendt i \u00f8koemballasje. Varene pakkes inn i silkepapir og leveres i en 100 % resirkulerbar, diskret brun eske uten innholdsangivelse. Vi tilbyr eller selger dessverre ikke gaveemballasje.  <\/p>\n\n<p>I l\u00f8pet av salgsperioden kan bestillingen din bli noe forsinket. Det kan ta opptil 7 virkedager f\u00f8r bestillingen din er hos deg. <\/p>\n\n<p>Hvis du har sp\u00f8rsm\u00e5l ang\u00e5ende internasjonal levering, vennligst kontakt oss p\u00e5 <a href=\"mailto:office@mirela.wildlaboratory.comnovak.com\">office@mirela.wildlaboratory.comnovak.com<\/a><\/p>\n","protected":false},"excerpt":{"rendered":"<p>Alle bestillinger leveres med DHL eller FAN COURIER N\u00e5r du legger inn bestillingen, m\u00e5 du forsikre deg om at fakturerings- og leveringsadressen er korrekt, da vi ikke kan omdirigere. V\u00e6r oppmerksom p\u00e5 at faktureringsadressen m\u00e5 stemme overens med adressen p\u00e5 kredittkortutskriften din. N\u00e5r bestillingen din er sendt, sender vi deg en bekreftelse p\u00e5 e-post. F\u00f8r [&hellip;]<\/p>\n","protected":false},"author":1,"featured_media":0,"parent":0,"menu_order":0,"comment_status":"closed","ping_status":"closed","template":"","meta":{"footnotes":""},"class_list":["post-14811","page","type-page","status-publish","hentry"],"_links":{"self":[{"href":"https:\/\/mirelanovak.com\/no\/wp-json\/wp\/v2\/pages\/14811","targetHints":{"allow":["GET"]}}],"collection":[{"href":"https:\/\/mirelanovak.com\/no\/wp-json\/wp\/v2\/pages"}],"about":[{"href":"https:\/\/mirelanovak.com\/no\/wp-json\/wp\/v2\/types\/page"}],"author":[{"embeddable":true,"href":"https:\/\/mirelanovak.com\/no\/wp-json\/wp\/v2\/users\/1"}],"replies":[{"embeddable":true,"href":"https:\/\/mirelanovak.com\/no\/wp-json\/wp\/v2\/comments?post=14811"}],"version-history":[{"count":2,"href":"https:\/\/mirelanovak.com\/no\/wp-json\/wp\/v2\/pages\/14811\/revisions"}],"predecessor-version":[{"id":14813,"href":"https:\/\/mirelanovak.com\/no\/wp-json\/wp\/v2\/pages\/14811\/revisions\/14813"}],"wp:attachment":[{"href":"https:\/\/mirelanovak.com\/no\/wp-json\/wp\/v2\/media?parent=14811"}],"curies":[{"name":"wp","href":"https:\/\/api.w.org\/{rel}","templated":true}]}}