{"id":14841,"date":"2021-06-04T10:37:23","date_gmt":"2021-06-04T10:37:23","guid":{"rendered":"https:\/\/mirelanovak.com\/blogg\/"},"modified":"2025-02-12T17:15:01","modified_gmt":"2025-02-12T17:15:01","slug":"blogg","status":"publish","type":"page","link":"https:\/\/mirelanovak.com\/no\/blogg\/","title":{"rendered":"Blogg"},"content":{"rendered":"\t\t<div data-elementor-type=\"wp-page\" data-elementor-id=\"14841\" class=\"elementor elementor-14841 elementor-4489\">\n\t\t\t\t\t\t<section class=\"elementor-section elementor-top-section elementor-element elementor-element-bae1505 elementor-reverse-tablet elementor-reverse-mobile elementor-section-boxed elementor-section-height-default elementor-section-height-default qodef-elementor-content-no\" data-id=\"bae1505\" data-element_type=\"section\">\n\t\t\t\t\t\t<div class=\"elementor-container elementor-column-gap-default\">\n\t\t\t\t\t<div class=\"elementor-column elementor-col-50 elementor-top-column elementor-element elementor-element-a2a6196\" data-id=\"a2a6196\" data-element_type=\"column\">\n\t\t\t<div class=\"elementor-widget-wrap elementor-element-populated\">\n\t\t\t\t\t\t<section class=\"elementor-section elementor-inner-section elementor-element elementor-element-e3d374e elementor-section-full_width elementor-section-height-default elementor-section-height-default qodef-elementor-content-no\" data-id=\"e3d374e\" data-element_type=\"section\" id=\"qodef-page-sidebar\">\n\t\t\t\t\t\t<div class=\"elementor-container elementor-column-gap-no\">\n\t\t\t\t\t<div class=\"elementor-column elementor-col-100 elementor-inner-column elementor-element elementor-element-4d398c3\" data-id=\"4d398c3\" data-element_type=\"column\">\n\t\t\t<div class=\"elementor-widget-wrap elementor-element-populated\">\n\t\t\t\t\t\t<div class=\"elementor-element elementor-element-fa31928 elementor-widget elementor-widget-sidebar\" data-id=\"fa31928\" data-element_type=\"widget\" data-widget_type=\"sidebar.default\">\n\t\t\t\t<div class=\"elementor-widget-container\">\n\t\t\t\t\t<div class=\"widget widget_valeska_core_separator\" data-area=\"blog-sidebar\"><div class=\"qodef-shortcode qodef-m  qodef-separator clear \">\t<div class=\"qodef-m-line\" style=\"border-color: transparent;margin-top: 54px\"><\/div><\/div><\/div><div class=\"widget widget_search\" data-area=\"blog-sidebar\"><h5 class=\"qodef-widget-title\">S\u00f8k<\/h5><form role=\"search\" method=\"get\" class=\"qodef-search-form\" action=\"https:\/\/mirelanovak.com\/no\/\">\n\t<label for=\"qodef-search-form-69e0f0eb180d1\" class=\"screen-reader-text\">S\u00f8k etter:<\/label>\n\t<div class=\"qodef-search-form-inner clear\">\n\t\t<input type=\"search\" id=\"qodef-search-form-69e0f0eb180d1\" class=\"qodef-search-form-field\" value=\"\" name=\"s\" placeholder=\"S\u00f8k\" \/>\n\t\t<button type=\"submit\" class=\"qodef-search-form-button\"><svg  xmlns=\"http:\/\/www.w3.org\/2000\/svg\" xmlns:xlink=\"http:\/\/www.w3.org\/1999\/xlink\" width=\"20\" height=\"20\" viewBox=\"0 0 512 512\"><path d=\"M221.09 64a157.09 157.09 0 10157.09 157.09A157.1 157.1 0 00221.09 64z\" stroke-miterlimit=\"10\" stroke-width=\"32\"><\/path><path d=\"M338.29 338.29L448 448\" stroke-linecap=\"round\" stroke-miterlimit=\"10\" stroke-width=\"32\"><\/path><\/svg><\/button>\n\t<\/div>\n<\/form><\/div><div class=\"widget widget_valeska_core_separator\" data-area=\"blog-sidebar\"><div class=\"qodef-shortcode qodef-m  qodef-separator clear \">\t<div class=\"qodef-m-line\" style=\"border-color: transparent;margin-top: -11px\"><\/div><\/div><\/div><div class=\"widget widget_categories\" data-area=\"blog-sidebar\"><h5 class=\"qodef-widget-title\">Kategorier<\/h5>\n\t\t\t<ul>\n\t\t\t\t\t<li class=\"cat-item cat-item-231\"><a href=\"https:\/\/mirelanovak.com\/no\/category\/du-er-ideell\/\">Du er ideell!<\/a> (0)\n<\/li>\n\t<li class=\"cat-item cat-item-201\"><a href=\"https:\/\/mirelanovak.com\/no\/category\/hoyteknologi\/\">H\u00f8yteknologi<\/a> (0)\n<\/li>\n\t<li class=\"cat-item cat-item-202\"><a href=\"https:\/\/mirelanovak.com\/no\/category\/mote\/\">Mote<\/a> (0)\n<\/li>\n\t\t\t<\/ul>\n\n\t\t\t<\/div><div class=\"widget widget_valeska_core_separator\" data-area=\"blog-sidebar\"><div class=\"qodef-shortcode qodef-m  qodef-separator clear \">\t<div class=\"qodef-m-line\" style=\"border-color: transparent;margin-top: -11px\"><\/div><\/div><\/div><div class=\"widget widget_valeska_core_separator\" data-area=\"blog-sidebar\"><div class=\"qodef-shortcode qodef-m  qodef-separator clear \">\t<div class=\"qodef-m-line\" style=\"border-color: transparent;margin-top: -11px\"><\/div><\/div><\/div><div class=\"widget widget_valeska_core_social_icons_group\" data-area=\"blog-sidebar\"><h5 class=\"qodef-widget-title\">Social<\/h5>\t\t\t\t<div class=\"qodef-social-icons-group\">\n\n\t\t\t\t\t\t\t\t\t\t\t\t<span class=\"qodef-social-icons-item qodef-layout--vertical\">\n\t\t\t\t\t\t\t\t\t\t\t\t\t\t\t\t\t<a itemprop=\"url\" href=\"https:\/\/www.facebook.com\/MirelaNovakFashion\" target=\"_blank\" >\n\t\t\t\t\t\t\t\t\t\t\t\t\t\t\t\tFacebook\t\t\t\t\t\t\t\t\t\t\t\t\t\t\t\t\t<\/a>\n\t\t\t\t\t\t\t\t\t\t\t\t\t\t\t<\/span>\n\t\t\t\t\t\t\t\t\t\t\t\t\t\t<span class=\"qodef-social-icons-item qodef-layout--vertical\">\n\t\t\t\t\t\t\t\t\t\t\t\t\t\t\t\t\t<a itemprop=\"url\" href=\"https:\/\/www.instagram.com\/mirela_novak\/\" target=\"_blank\" >\n\t\t\t\t\t\t\t\t\t\t\t\t\t\t\t\tInstagram\t\t\t\t\t\t\t\t\t\t\t\t\t\t\t\t\t<\/a>\n\t\t\t\t\t\t\t\t\t\t\t\t\t\t\t<\/span>\n\t\t\t\t\t\t\t\t\t\t\t<\/div>\n\t\t\t<\/div><div class=\"widget widget_valeska_core_separator\" data-area=\"blog-sidebar\"><div class=\"qodef-shortcode qodef-m  qodef-separator clear \">\t<div class=\"qodef-m-line\" style=\"border-color: transparent;margin-top: -15px\"><\/div><\/div><\/div><div class=\"widget widget_valeska_core_separator\" data-area=\"blog-sidebar\"><div class=\"qodef-shortcode qodef-m  qodef-separator clear \">\t<div class=\"qodef-m-line\" style=\"border-color: transparent;margin-top: 63px\"><\/div><\/div><\/div>\t\t\t\t<\/div>\n\t\t\t\t<\/div>\n\t\t\t\t\t<\/div>\n\t\t<\/div>\n\t\t\t\t\t<\/div>\n\t\t<\/section>\n\t\t\t\t\t<\/div>\n\t\t<\/div>\n\t\t\t\t<div class=\"elementor-column elementor-col-50 elementor-top-column elementor-element elementor-element-3f63f0a\" data-id=\"3f63f0a\" data-element_type=\"column\">\n\t\t\t<div class=\"elementor-widget-wrap elementor-element-populated\">\n\t\t\t\t\t\t<div class=\"elementor-element elementor-element-6a022bd elementor-widget elementor-widget-valeska_core_blog_list\" data-id=\"6a022bd\" data-element_type=\"widget\" data-widget_type=\"valeska_core_blog_list.default\">\n\t\t\t\t<div class=\"elementor-widget-container\">\n\t\t\t\t\t<div class=\"qodef-shortcode qodef-m  qodef-blog qodef--list qodef-item-layout--standard qodef-hover-animation--no qodef-grid qodef-layout--columns  qodef-gutter--huge qodef-col-num--1 qodef-item-layout--standard qodef-pagination--on qodef-pagination-type--standard qodef-responsive--predefined\" data-options=\"{&quot;plugin&quot;:&quot;valeska_core&quot;,&quot;module&quot;:&quot;blog\\\/shortcodes&quot;,&quot;shortcode&quot;:&quot;blog-list&quot;,&quot;post_type&quot;:&quot;post&quot;,&quot;next_page&quot;:&quot;2&quot;,&quot;max_pages_num&quot;:1,&quot;behavior&quot;:&quot;columns&quot;,&quot;images_proportion&quot;:&quot;full&quot;,&quot;columns&quot;:&quot;1&quot;,&quot;columns_responsive&quot;:&quot;predefined&quot;,&quot;space&quot;:&quot;huge&quot;,&quot;posts_per_page&quot;:&quot;5&quot;,&quot;additional_params&quot;:&quot;tax&quot;,&quot;tax&quot;:&quot;category&quot;,&quot;layout&quot;:&quot;standard&quot;,&quot;title_tag&quot;:&quot;h2&quot;,&quot;hover_animation&quot;:&quot;no&quot;,&quot;pagination_type&quot;:&quot;standard&quot;,&quot;object_class_name&quot;:&quot;ValeskaCore_Blog_List_Shortcode&quot;,&quot;taxonomy_filter&quot;:&quot;category&quot;,&quot;space_value&quot;:35}\">\n\t\t<div class=\"qodef-grid-inner clear\">\n\t\t<article class=\"qodef-e qodef-blog-item qodef-grid-item qodef-item--full post-16820 post type-post status-publish format-standard has-post-thumbnail hentry category-du-er-ideell\">\n\t<div class=\"qodef-e-inner\">\n\t\t<div class=\"qodef-e-media\"><!--\n\t-->\t<div class=\"qodef-e-media-image\">\n\t\t<a itemprop=\"url\" href=\"https:\/\/mirelanovak.com\/no\/basisgarderobe\/\">\n\t\t\t<img fetchpriority=\"high\" decoding=\"async\" width=\"1600\" height=\"1131\" src=\"https:\/\/mirelanovak.com\/wp-content\/uploads\/2025\/02\/WhatsApp-Image-2025-02-13-at-16.49.592.jpeg\" class=\"attachment-full size-full wp-post-image\" alt=\"Carte Mirela Novak\" srcset=\"https:\/\/mirelanovak.com\/wp-content\/uploads\/2025\/02\/WhatsApp-Image-2025-02-13-at-16.49.592.jpeg 1600w, https:\/\/mirelanovak.com\/wp-content\/uploads\/2025\/02\/WhatsApp-Image-2025-02-13-at-16.49.592-300x212.jpeg 300w, https:\/\/mirelanovak.com\/wp-content\/uploads\/2025\/02\/WhatsApp-Image-2025-02-13-at-16.49.592-1024x724.jpeg 1024w, https:\/\/mirelanovak.com\/wp-content\/uploads\/2025\/02\/WhatsApp-Image-2025-02-13-at-16.49.592-768x543.jpeg 768w, https:\/\/mirelanovak.com\/wp-content\/uploads\/2025\/02\/WhatsApp-Image-2025-02-13-at-16.49.592-1536x1086.jpeg 1536w, https:\/\/mirelanovak.com\/wp-content\/uploads\/2025\/02\/WhatsApp-Image-2025-02-13-at-16.49.592-600x424.jpeg 600w\" sizes=\"(max-width: 1600px) 100vw, 1600px\" \/>\t\t<\/a>\n\t<\/div>\n<!--\n--><\/div>\n\t\t<div class=\"qodef-e-content\">\n\t\t\t<div class=\"qodef-e-top-holder\">\n\t\t\t\t<div class=\"qodef-e-info\">\n\t\t\t\t\t<a itemprop=\"dateCreated\" href=\"https:\/\/mirelanovak.com\/no\/2025\/02\/\" class=\"entry-date \">\n\tfebruar 18, 2025<\/a><div class=\"qodef-info-separator-end\"><\/div><a href=\"https:\/\/mirelanovak.com\/no\/category\/du-er-ideell\/\" rel=\"tag\">Du er ideell!<\/a><div class=\"qodef-info-separator-end\"><\/div>\t\t\t\t<\/div>\n\t\t\t<\/div>\n\t\t\t<div class=\"qodef-e-text\">\n\t\t\t\t<h2 itemprop=\"name\" class=\"qodef-e-title entry-title\" >\n\t<a itemprop=\"url\" class=\"qodef-e-title-link\" href=\"https:\/\/mirelanovak.com\/no\/basisgarderobe\/\">\n\t\tBasisgarderobe\t<\/a>\n<\/h2>\n\t\t\t<\/div>\n\t\t<\/div>\n\t<\/div>\n<\/article>\n<article class=\"qodef-e qodef-blog-item qodef-grid-item qodef-item--full post-16782 post type-post status-publish format-standard has-post-thumbnail hentry category-du-er-ideell\">\n\t<div class=\"qodef-e-inner\">\n\t\t<div class=\"qodef-e-media\"><!--\n\t-->\t<div class=\"qodef-e-media-image\">\n\t\t<a itemprop=\"url\" href=\"https:\/\/mirelanovak.com\/no\/din-guide-til-den-beste-versjonen-av-deg-selv\/\">\n\t\t\t<img decoding=\"async\" width=\"1600\" height=\"1131\" src=\"https:\/\/mirelanovak.com\/wp-content\/uploads\/2025\/02\/WhatsApp-Image-2025-02-13-at-16.49.59.jpeg\" class=\"attachment-full size-full wp-post-image\" alt=\"Ghidul t\u0103u c\u0103tre cea mai bun\u0103 versiune a ta.\" srcset=\"https:\/\/mirelanovak.com\/wp-content\/uploads\/2025\/02\/WhatsApp-Image-2025-02-13-at-16.49.59.jpeg 1600w, https:\/\/mirelanovak.com\/wp-content\/uploads\/2025\/02\/WhatsApp-Image-2025-02-13-at-16.49.59-300x212.jpeg 300w, https:\/\/mirelanovak.com\/wp-content\/uploads\/2025\/02\/WhatsApp-Image-2025-02-13-at-16.49.59-1024x724.jpeg 1024w, https:\/\/mirelanovak.com\/wp-content\/uploads\/2025\/02\/WhatsApp-Image-2025-02-13-at-16.49.59-768x543.jpeg 768w, https:\/\/mirelanovak.com\/wp-content\/uploads\/2025\/02\/WhatsApp-Image-2025-02-13-at-16.49.59-1536x1086.jpeg 1536w, https:\/\/mirelanovak.com\/wp-content\/uploads\/2025\/02\/WhatsApp-Image-2025-02-13-at-16.49.59-600x424.jpeg 600w\" sizes=\"(max-width: 1600px) 100vw, 1600px\" \/>\t\t<\/a>\n\t<\/div>\n<!--\n--><\/div>\n\t\t<div class=\"qodef-e-content\">\n\t\t\t<div class=\"qodef-e-top-holder\">\n\t\t\t\t<div class=\"qodef-e-info\">\n\t\t\t\t\t<a itemprop=\"dateCreated\" href=\"https:\/\/mirelanovak.com\/no\/2025\/02\/\" class=\"entry-date \">\n\tfebruar 18, 2025<\/a><div class=\"qodef-info-separator-end\"><\/div><a href=\"https:\/\/mirelanovak.com\/no\/category\/du-er-ideell\/\" rel=\"tag\">Du er ideell!<\/a><div class=\"qodef-info-separator-end\"><\/div>\t\t\t\t<\/div>\n\t\t\t<\/div>\n\t\t\t<div class=\"qodef-e-text\">\n\t\t\t\t<h2 itemprop=\"name\" class=\"qodef-e-title entry-title\" >\n\t<a itemprop=\"url\" class=\"qodef-e-title-link\" href=\"https:\/\/mirelanovak.com\/no\/din-guide-til-den-beste-versjonen-av-deg-selv\/\">\n\t\tDin guide til den beste versjonen av deg selv\t<\/a>\n<\/h2>\n\t\t\t<\/div>\n\t\t<\/div>\n\t<\/div>\n<\/article>\n<article class=\"qodef-e qodef-blog-item qodef-grid-item qodef-item--full post-14514 post type-post status-publish format-standard has-post-thumbnail hentry category-hoyteknologi\">\n\t<div class=\"qodef-e-inner\">\n\t\t<div class=\"qodef-e-media\"><!--\n\t-->\t<div class=\"qodef-e-media-image\">\n\t\t<a itemprop=\"url\" href=\"https:\/\/mirelanovak.com\/no\/ewa-prosjektet-beskyttelsesfrakken-mot-elektromagnetisk-straling\/\">\n\t\t\t<img decoding=\"async\" width=\"853\" height=\"1280\" src=\"https:\/\/mirelanovak.com\/wp-content\/uploads\/2021\/11\/IMG_0146.png\" class=\"attachment-full size-full wp-post-image\" alt=\"\" srcset=\"https:\/\/mirelanovak.com\/wp-content\/uploads\/2021\/11\/IMG_0146.png 853w, https:\/\/mirelanovak.com\/wp-content\/uploads\/2021\/11\/IMG_0146-300x450.png 300w, https:\/\/mirelanovak.com\/wp-content\/uploads\/2021\/11\/IMG_0146-600x900.png 600w, https:\/\/mirelanovak.com\/wp-content\/uploads\/2021\/11\/IMG_0146-200x300.png 200w, https:\/\/mirelanovak.com\/wp-content\/uploads\/2021\/11\/IMG_0146-682x1024.png 682w, https:\/\/mirelanovak.com\/wp-content\/uploads\/2021\/11\/IMG_0146-768x1152.png 768w\" sizes=\"(max-width: 853px) 100vw, 853px\" \/>\t\t<\/a>\n\t<\/div>\n<!--\n--><\/div>\n\t\t<div class=\"qodef-e-content\">\n\t\t\t<div class=\"qodef-e-top-holder\">\n\t\t\t\t<div class=\"qodef-e-info\">\n\t\t\t\t\t<a itemprop=\"dateCreated\" href=\"https:\/\/mirelanovak.com\/no\/2021\/11\/\" class=\"entry-date \">\n\tnovember 29, 2021<\/a><div class=\"qodef-info-separator-end\"><\/div><a href=\"https:\/\/mirelanovak.com\/no\/category\/hoyteknologi\/\" rel=\"tag\">H\u00f8yteknologi<\/a><div class=\"qodef-info-separator-end\"><\/div>\t\t\t\t<\/div>\n\t\t\t<\/div>\n\t\t\t<div class=\"qodef-e-text\">\n\t\t\t\t<h2 itemprop=\"name\" class=\"qodef-e-title entry-title\" >\n\t<a itemprop=\"url\" class=\"qodef-e-title-link\" href=\"https:\/\/mirelanovak.com\/no\/ewa-prosjektet-beskyttelsesfrakken-mot-elektromagnetisk-straling\/\">\n\t\tEWA-prosjektet &#8211; beskyttelsesfrakken mot elektromagnetisk str\u00e5ling!\t<\/a>\n<\/h2>\n\t\t\t<\/div>\n\t\t<\/div>\n\t<\/div>\n<\/article>\n\t<\/div>\n\t<\/div>\n\t\t\t\t<\/div>\n\t\t\t\t<\/div>\n\t\t\t\t\t<\/div>\n\t\t<\/div>\n\t\t\t\t\t<\/div>\n\t\t<\/section>\n\t\t\t\t<\/div>\n\t\t","protected":false},"excerpt":{"rendered":"<p>noiembrie 29, 2021High tech Proiectul EWA &#8211; haina cu protectie la radiatiile electromagnetice! noiembrie 2, 2021Moda Revista famost august 2021 noiembrie 2, 2021Moda Revista famost octombrie 2021 noiembrie 2, 2021Moda Revista famost septembrie 2021 noiembrie 2, 2021Moda Revista famost iulie 2021 01 02 03<\/p>\n","protected":false},"author":1,"featured_media":0,"parent":0,"menu_order":0,"comment_status":"closed","ping_status":"closed","template":"","meta":{"footnotes":""},"class_list":["post-14841","page","type-page","status-publish","hentry"],"_links":{"self":[{"href":"https:\/\/mirelanovak.com\/no\/wp-json\/wp\/v2\/pages\/14841","targetHints":{"allow":["GET"]}}],"collection":[{"href":"https:\/\/mirelanovak.com\/no\/wp-json\/wp\/v2\/pages"}],"about":[{"href":"https:\/\/mirelanovak.com\/no\/wp-json\/wp\/v2\/types\/page"}],"author":[{"embeddable":true,"href":"https:\/\/mirelanovak.com\/no\/wp-json\/wp\/v2\/users\/1"}],"replies":[{"embeddable":true,"href":"https:\/\/mirelanovak.com\/no\/wp-json\/wp\/v2\/comments?post=14841"}],"version-history":[{"count":2,"href":"https:\/\/mirelanovak.com\/no\/wp-json\/wp\/v2\/pages\/14841\/revisions"}],"predecessor-version":[{"id":14843,"href":"https:\/\/mirelanovak.com\/no\/wp-json\/wp\/v2\/pages\/14841\/revisions\/14843"}],"wp:attachment":[{"href":"https:\/\/mirelanovak.com\/no\/wp-json\/wp\/v2\/media?parent=14841"}],"curies":[{"name":"wp","href":"https:\/\/api.w.org\/{rel}","templated":true}]}}