{"id":14793,"date":"2021-10-23T15:43:17","date_gmt":"2021-10-23T15:43:17","guid":{"rendered":"https:\/\/mirelanovak.com\/uluslararasi-tasimacilik\/"},"modified":"2025-02-12T17:14:54","modified_gmt":"2025-02-12T17:14:54","slug":"uluslararasi-tasimacilik","status":"publish","type":"page","link":"https:\/\/mirelanovak.com\/tr\/uluslararasi-tasimacilik\/","title":{"rendered":"Uluslararas\u0131 ta\u015f\u0131mac\u0131l\u0131k"},"content":{"rendered":"\n<p>Resmi tatiller hari\u00e7 Pazartesi&#8217;den Cuma&#8217;ya g\u00f6nderiyoruz.<\/p>\n\n<p>Global-e ile ortakl\u0131k kurarak mirelanovak.com sipari\u015flerini uluslararas\u0131 web sitemizden 190&#8217;dan fazla \u00fclkeye g\u00f6nderebiliyoruz. Teslimat s\u00fcreleri, maliyetler ve vergiler g\u00f6nderim konumunuza ba\u011fl\u0131d\u0131r ve \u00f6deme s\u0131ras\u0131nda g\u00f6r\u00fcnt\u00fclenecektir. <\/p>\n\n<p>Sorular\u0131n\u0131z i\u00e7in l\u00fctfen <a href=\"mailto:office@mirela.wildlaboratory.comnovak.com\">office@mirela.wildlaboratory.comnovak.com<\/a> veya +40748045589 ile ileti\u015fime ge\u00e7in.<\/p>\n","protected":false},"excerpt":{"rendered":"<p>Resmi tatiller hari\u00e7 Pazartesi&#8217;den Cuma&#8217;ya g\u00f6nderiyoruz. Global-e ile ortakl\u0131k kurarak mirelanovak.com sipari\u015flerini uluslararas\u0131 web sitemizden 190&#8217;dan fazla \u00fclkeye g\u00f6nderebiliyoruz. Teslimat s\u00fcreleri, maliyetler ve vergiler g\u00f6nderim konumunuza ba\u011fl\u0131d\u0131r ve \u00f6deme s\u0131ras\u0131nda g\u00f6r\u00fcnt\u00fclenecektir. Sorular\u0131n\u0131z i\u00e7in l\u00fctfen office@mirela.wildlaboratory.comnovak.com veya +40748045589 ile ileti\u015fime ge\u00e7in.<\/p>\n","protected":false},"author":1,"featured_media":0,"parent":0,"menu_order":0,"comment_status":"closed","ping_status":"closed","template":"","meta":{"footnotes":""},"class_list":["post-14793","page","type-page","status-publish","hentry"],"_links":{"self":[{"href":"https:\/\/mirelanovak.com\/tr\/wp-json\/wp\/v2\/pages\/14793","targetHints":{"allow":["GET"]}}],"collection":[{"href":"https:\/\/mirelanovak.com\/tr\/wp-json\/wp\/v2\/pages"}],"about":[{"href":"https:\/\/mirelanovak.com\/tr\/wp-json\/wp\/v2\/types\/page"}],"author":[{"embeddable":true,"href":"https:\/\/mirelanovak.com\/tr\/wp-json\/wp\/v2\/users\/1"}],"replies":[{"embeddable":true,"href":"https:\/\/mirelanovak.com\/tr\/wp-json\/wp\/v2\/comments?post=14793"}],"version-history":[{"count":2,"href":"https:\/\/mirelanovak.com\/tr\/wp-json\/wp\/v2\/pages\/14793\/revisions"}],"predecessor-version":[{"id":14795,"href":"https:\/\/mirelanovak.com\/tr\/wp-json\/wp\/v2\/pages\/14793\/revisions\/14795"}],"wp:attachment":[{"href":"https:\/\/mirelanovak.com\/tr\/wp-json\/wp\/v2\/media?parent=14793"}],"curies":[{"name":"wp","href":"https:\/\/api.w.org\/{rel}","templated":true}]}}