{"id":14799,"date":"2021-10-23T15:42:43","date_gmt":"2021-10-23T15:42:43","guid":{"rendered":"https:\/\/mirelanovak.com\/teslimat-bilgileri\/"},"modified":"2025-02-12T17:14:58","modified_gmt":"2025-02-12T17:14:58","slug":"teslimat-bilgileri","status":"publish","type":"page","link":"https:\/\/mirelanovak.com\/tr\/teslimat-bilgileri\/","title":{"rendered":"Teslimat bilgileri"},"content":{"rendered":"\n<p>T\u00fcm sipari\u015fler DHL veya FAN COURIER ile teslim edilir<\/p>\n\n<p>Sipari\u015finizi verirken l\u00fctfen fatura ve teslimat adresi bilgilerinin do\u011fru oldu\u011fundan emin olun, \u00e7\u00fcnk\u00fc yeniden y\u00f6nlendirme yapam\u0131yoruz.<\/p>\n\n<p>Fatura adresinizin kredi kart\u0131 ekstrenizdeki adresle ayn\u0131 olmas\u0131 gerekti\u011fini l\u00fctfen unutmay\u0131n.<\/p>\n\n<p>Sipari\u015finiz g\u00f6nderildi\u011finde, size bir onay e-postas\u0131 g\u00f6nderece\u011fiz.<\/p>\n\n<p>Al\u0131\u015fveri\u015flerinizi g\u00f6ndermeden \u00f6nce, bilgilerinizi kart\u0131n\u0131z\u0131 veren kurulu\u015fla teyit etmemiz gerekebilir. Gecikmeleri minimumda tutmak i\u00e7in elimizden geleni yapaca\u011f\u0131z. Teslimat s\u00fcremiz, sipari\u015fin kabul edildi\u011fi andan itibaren ba\u015flar ve \u00fcr\u00fcnlerinizin depomuz taraf\u0131ndan i\u015flenip g\u00f6nderilece\u011fi 24 saatlik bir s\u00fcreyi i\u00e7erir. Bu s\u00fcrenin sat\u0131\u015f d\u00f6nemlerimizde daha uzun s\u00fcrebilece\u011fini ve g\u00f6nderilerin g\u00f6nderilmesinin 48 saate kadar s\u00fcrebilece\u011fini l\u00fctfen unutmay\u0131n   <\/p>\n\n<p>Teslimat s\u00fcreleri tahminidir ve sevkiyat tarihinden itibaren ba\u015flar. Baz\u0131 b\u00f6lgelerde teslimat hizmetlerinin s\u0131n\u0131rl\u0131 oldu\u011funu l\u00fctfen unutmay\u0131n. Sipari\u015finizi m\u00fcmk\u00fcn olan en k\u0131sa s\u00fcrede g\u00f6ndermek i\u00e7in \u00e7aba g\u00f6sterece\u011fiz, ancak uzak teslimat yerleri veya olumsuz hava ko\u015fullar\u0131ndan kaynaklanan gecikmelerden sorumlu olamay\u0131z.  <\/p>\n\n<p>G\u00fcvenlik nedeniyle, t\u00fcm mirelanovak.com \u00e7evrimi\u00e7i sat\u0131n al\u0131mlar\u0131 teslimat s\u0131ras\u0131nda imza gerektirir. L\u00fctfen hizmetimizin adland\u0131r\u0131lm\u0131\u015f bir teslimat hizmeti olmad\u0131\u011f\u0131n\u0131 ve belirlenen teslimat adresindeki herhangi birinin teslimat\u0131n\u0131z i\u00e7in imza atabilece\u011fini unutmay\u0131n. Bir binada, \u00f6rne\u011fin teslimat i\u00e7in verilen bir ofis adresinde imzalanm\u0131\u015f olan kay\u0131p veya eksik bir sipari\u015ften sorumlu olmayaca\u011f\u0131z.  <\/p>\n\n<p>Teslimat i\u00e7in imza atacak kimse bulunamazsa, s\u00fcr\u00fcc\u00fc birbirini izleyen \u00fc\u00e7 i\u015f g\u00fcn\u00fcnde toplam \u00fc\u00e7 teslimat denemesi yapacakt\u0131r. Paket i\u00e7in hala imza atacak kimse yoksa, ileti\u015fim kurulamayan 5 g\u00fcn\u00fcn ard\u0131ndan paket depomuza iade edilecektir. <\/p>\n\n<p>Sat\u0131\u015f d\u00f6nemi boyunca sipari\u015finizin eko ambalajla g\u00f6nderilebilece\u011fini l\u00fctfen unutmay\u0131n. \u00dcr\u00fcnler ka\u011f\u0131t mendile sar\u0131l\u0131r ve i\u00e7eri\u011fi belirtilmeden %100 geri d\u00f6n\u00fc\u015ft\u00fcr\u00fclebilir, gizli kahverengi bir kutuda teslim edilir. Maalesef hediye paketi sa\u011flam\u0131yor veya satm\u0131yoruz.  <\/p>\n\n<p>Sat\u0131\u015f d\u00f6nemi boyunca sipari\u015finizde k\u00fc\u00e7\u00fck bir gecikme ya\u015fanabilir. Sipari\u015finizin size ula\u015fmas\u0131 i\u00e7in l\u00fctfen 7 i\u015f g\u00fcn\u00fcne kadar bekleyin. <\/p>\n\n<p>Uluslararas\u0131 teslimatla ilgili herhangi bir sorunuz varsa l\u00fctfen <a href=\"mailto:office@mirela.wildlaboratory.comnovak.com\">office@mirela.wildlaboratory.comnovak.com<\/a> adresinden bizimle ileti\u015fime ge\u00e7in.<\/p>\n","protected":false},"excerpt":{"rendered":"<p>T\u00fcm sipari\u015fler DHL veya FAN COURIER ile teslim edilir Sipari\u015finizi verirken l\u00fctfen fatura ve teslimat adresi bilgilerinin do\u011fru oldu\u011fundan emin olun, \u00e7\u00fcnk\u00fc yeniden y\u00f6nlendirme yapam\u0131yoruz. Fatura adresinizin kredi kart\u0131 ekstrenizdeki adresle ayn\u0131 olmas\u0131 gerekti\u011fini l\u00fctfen unutmay\u0131n. Sipari\u015finiz g\u00f6nderildi\u011finde, size bir onay e-postas\u0131 g\u00f6nderece\u011fiz. Al\u0131\u015fveri\u015flerinizi g\u00f6ndermeden \u00f6nce, bilgilerinizi kart\u0131n\u0131z\u0131 veren kurulu\u015fla teyit etmemiz gerekebilir. Gecikmeleri minimumda [&hellip;]<\/p>\n","protected":false},"author":1,"featured_media":0,"parent":0,"menu_order":0,"comment_status":"closed","ping_status":"closed","template":"","meta":{"footnotes":""},"class_list":["post-14799","page","type-page","status-publish","hentry"],"_links":{"self":[{"href":"https:\/\/mirelanovak.com\/tr\/wp-json\/wp\/v2\/pages\/14799","targetHints":{"allow":["GET"]}}],"collection":[{"href":"https:\/\/mirelanovak.com\/tr\/wp-json\/wp\/v2\/pages"}],"about":[{"href":"https:\/\/mirelanovak.com\/tr\/wp-json\/wp\/v2\/types\/page"}],"author":[{"embeddable":true,"href":"https:\/\/mirelanovak.com\/tr\/wp-json\/wp\/v2\/users\/1"}],"replies":[{"embeddable":true,"href":"https:\/\/mirelanovak.com\/tr\/wp-json\/wp\/v2\/comments?post=14799"}],"version-history":[{"count":2,"href":"https:\/\/mirelanovak.com\/tr\/wp-json\/wp\/v2\/pages\/14799\/revisions"}],"predecessor-version":[{"id":14804,"href":"https:\/\/mirelanovak.com\/tr\/wp-json\/wp\/v2\/pages\/14799\/revisions\/14804"}],"wp:attachment":[{"href":"https:\/\/mirelanovak.com\/tr\/wp-json\/wp\/v2\/media?parent=14799"}],"curies":[{"name":"wp","href":"https:\/\/api.w.org\/{rel}","templated":true}]}}