{"id":14925,"date":"2021-10-23T15:41:03","date_gmt":"2021-10-23T15:41:03","guid":{"rendered":"https:\/\/mirelanovak.com\/para-iadesi-ve-iade-politikasi\/"},"modified":"2025-02-12T17:15:17","modified_gmt":"2025-02-12T17:15:17","slug":"para-iadesi-ve-iade-politikasi","status":"publish","type":"page","link":"https:\/\/mirelanovak.com\/tr\/para-iadesi-ve-iade-politikasi\/","title":{"rendered":"Para iadesi ve iade politikas\u0131"},"content":{"rendered":"\n<p>Uluslararas\u0131 \u0130adeler<\/p>\n\n<p>Sipari\u015finizdeki herhangi bir \u00fcr\u00fcn\u00fc\/\u00fcr\u00fcnleri iade etmek isterseniz, teslimattan sonraki 14 g\u00fcn i\u00e7inde iade yetkisi (RMA) alman\u0131z gerekir.<\/p>\n\n<p>\u00dcr\u00fcnler hasars\u0131z ve sat\u0131labilir durumda olmal\u0131 ve t\u00fcm giysi etiketleri tak\u0131l\u0131 olarak kapal\u0131 bir kutuda orijinal haliyle iade edilmelidir. A\u015f\u0131nm\u0131\u015f, kullan\u0131lm\u0131\u015f, de\u011fi\u015ftirilmi\u015f veya hasar g\u00f6rm\u00fc\u015f iadeler kabul edilmeyecek ve size geri g\u00f6nderilebilir ve \/ veya geri \u00f6deme reddedilebilir. Nakliye s\u0131ras\u0131nda eksik iadelerden veya \u00fcr\u00fcnlerden sorumlu tutulamay\u0131z.  <\/p>\n\n<p>Sa\u011fland\u0131\u011f\u0131 durumlarda, kemerler ve talimatlar, orijinallik kartlar\u0131, toz torbalar\u0131 ve deri etiketler gibi t\u00fcm ambalajlar iadenize dahil edilmelidir. \u00dcr\u00fcn(ler) orijinal nakliye \u00fclkesinden orijinal iade formuyla birlikte iade edilmelidir. Herhangi bir iade evrak\u0131 olmadan g\u00f6nderilen \u00fcr\u00fcn(ler)in iadesini yapamayaca\u011f\u0131m\u0131z\u0131 l\u00fctfen unutmay\u0131n.  <\/p>\n\n<p>Belirtilen iade s\u00fcresi d\u0131\u015f\u0131nda al\u0131nan \u00fcr\u00fcnlerin kabul edilmeyece\u011fini l\u00fctfen unutmay\u0131n.<\/p>\n\n<p>\u00dcr\u00fcn\u00fcn\u00fcz\u00fc iade edin<\/p>\n\n<p>\u0130ade Portal\u0131na giri\u015f yaparak bir RMA talep edin veya office@mirela.wildlaboratory.comnovak.com adresinden bizimle ileti\u015fime ge\u00e7in.<\/p>\n\n<p>\u0130ade talebiniz onaylan\u0131rsa, iade talimatlar\u0131n\u0131, \u00f6n \u00f6demeli bir iade etiketini ve iade paketine eklemeniz gereken RMA numaras\u0131n\u0131 size e-posta ile g\u00f6nderece\u011fiz. <\/p>\n\n<p>\u0130ade etmek istedi\u011finiz \u00fcr\u00fcn\u00fc\/\u00fcr\u00fcnleri orijinal kutusuna koyun.<\/p>\n\n<p>\u00d6n \u00f6demeli iade etiketini yazd\u0131r\u0131n ve kutunun d\u0131\u015f\u0131na yap\u0131\u015ft\u0131r\u0131n.<\/p>\n\n<p>www.dhl.com veya fancourier.ro adresine gidin ve &#8220;Konumunuzu se\u00e7in\" a\u00e7\u0131l\u0131r men\u00fcs\u00fcnden \u00fclkenizi se\u00e7in.<\/p>\n\n<p>Paket b\u0131rakma i\u00e7in yerel DHL Hizmet Noktan\u0131z\u0131 bulun veya teslim alma ayarlamak i\u00e7in DHL ile ileti\u015fime ge\u00e7in.<\/p>\n\n<p>\u0130ade izni talep etti\u011finizde, iadenin maliyeti \u0130ade Portal\u0131nda g\u00f6sterilecek ve iade tutar\u0131ndan d\u00fc\u015f\u00fclecektir.<\/p>\n\n<p>\u0130adenin al\u0131nmas\u0131 ve ge\u00e7erli gerekliliklere uygun olarak iade edildi\u011finin onaylanmas\u0131 \u00fczerine Global-e, iade edilen \u00fcr\u00fcn\u00fcn\/\u00fcr\u00fcnlerin fiili \u00f6denmi\u015f fiyat\u0131n\u0131 size geri \u00f6deyecektir.<\/p>\n\n<p>\u0130adeleri al\u0131n\u0131r al\u0131nmaz i\u015fleme koymaya gayret ediyoruz, ancak iadelerin i\u015fleme konmas\u0131 i\u00e7in l\u00fctfen 5 i\u015f g\u00fcn\u00fc bekleyin. \u0130\u015fleme konulduktan sonra iadenizin durumu hakk\u0131nda bir e-posta bildirimi alacaks\u0131n\u0131z. <\/p>\n\n<p>Sipari\u015finizle ba\u011flant\u0131l\u0131 olarak ithalat \u00fccretleri \u00f6dediyseniz (\u00f6deme s\u0131ras\u0131nda \u00f6nceden \u00f6denmi\u015f veya sipari\u015fin al\u0131nmas\u0131 \u00fczerine do\u011frudan ilgili makama \u00f6denmi\u015f), (a) do\u011frudan \u00fclkenizdeki ilgili makamdan geri \u00f6deme talep etmeniz gerekti\u011fini, (b) s\u00f6z konusu ithalat \u00fccretlerini \u00fclkenizdeki ilgili makamdan geri talep etmenin tamamen sizin sorumlulu\u011funuzda olaca\u011f\u0131n\u0131 ve (c) Global-e&#8217;nin s\u00f6z konusu talebin ba\u015far\u0131l\u0131 olaca\u011f\u0131n\u0131 garanti edemeyece\u011fini kabul etmektesiniz. \u00d6deme s\u0131ras\u0131nda ithalat \u00fccretlerini \u00f6nceden \u00f6demi\u015fseniz, yaz\u0131l\u0131 talebiniz \u00fczerine, s\u00f6z konusu ithalat \u00fccretlerinin geri \u00f6denmesi konusunda size yard\u0131mc\u0131 olmak i\u00e7in uygun \u00e7abay\u0131 g\u00f6sterebiliriz.    <\/p>\n\n<p>Para \u0130adeleri<\/p>\n\n<p>Para iadeleri orijinal \u00f6deme y\u00f6nteminize yat\u0131r\u0131lacakt\u0131r. Orijinal nakliye \u00fccretleri, har\u00e7lar, vergiler veya tarifeler iade edilmeyecektir. \u0130adeniz yerel para biriminizden farkl\u0131 bir para biriminde sat\u0131n al\u0131nm\u0131\u015fsa, iadeler ayn\u0131 para biriminde \u00f6denecektir. D\u00f6viz kurlar\u0131ndaki dalgalanmalar nedeniyle iade edilen tutar, ba\u015flang\u0131\u00e7ta \u00f6denen fiyattan biraz daha y\u00fcksek veya daha d\u00fc\u015f\u00fck olabilir. Sipari\u015finiz teslim al\u0131n\u0131p incelendikten sonra para iadesinin \u00f6deme y\u00f6nteminize geri yat\u0131r\u0131lmas\u0131 i\u00e7in l\u00fctfen 5-10 i\u015f g\u00fcn\u00fc bekleyin.    <\/p>\n\n<p>Sipari\u015fle ba\u011flant\u0131l\u0131 olarak \u00f6denen teslimat masraflar\u0131 iade edilmez veya geri \u00f6denmez. Ayr\u0131ca, \u00fcr\u00fcnleri iade ederken maruz kald\u0131\u011f\u0131n\u0131z iade teslimat ve g\u00fcmr\u00fckleme masraflar\u0131 geri \u00f6denemez veya iade edilemez. <\/p>\n\n<p>Deri Giyim<\/p>\n\n<p>Deri giysilerimizin tamam\u0131 \u0130talya&#8217;daki en iyi zanaatkarlar taraf\u0131ndan elde \u00fcretilmi\u015ftir ve \u00fcretimden kaynaklanan sorunlar i\u00e7in bir y\u0131ll\u0131k \u00fcretim garantisi kapsam\u0131ndad\u0131r. Genel a\u015f\u0131nma ve y\u0131pranmadan ve kullan\u0131lan malzemelerin do\u011fas\u0131 gere\u011fi meydana gelen de\u011fi\u015fikliklerden sorumlu olamay\u0131z. Egzotik derilerle ilgili olarak, egzotik t\u00fcrlerin kontroll\u00fc yeti\u015ftirilmesi, nesli t\u00fckenmekte olan t\u00fcrlerin korunmas\u0131na y\u00f6nelik uluslararas\u0131 bir s\u00f6zle\u015fme (CITES) taraf\u0131ndan yak\u0131ndan izlenmekte ve d\u00fczenlenmektedir. Her derinin, \u00f6zelliklerinin yan\u0131 s\u0131ra kesin k\u00f6kenini belirten bir izlenebilirlik dosyas\u0131 vard\u0131r.   <\/p>\n\n<p>Hatal\u0131 \u00dcr\u00fcnler<\/p>\n\n<p>\u00dcr\u00fcnler hasarl\u0131 olarak teslim edilirse hatal\u0131d\u0131r. Normal a\u015f\u0131nma ve y\u0131pranma sonucu hasar g\u00f6ren \u00fcr\u00fcnler hatal\u0131 olarak kabul edilmez. Hatal\u0131 kabul edilen \u00fcr\u00fcnler tamir edilemedi\u011finde veya ayn\u0131 \u00fcr\u00fcn mevcut olmad\u0131\u011f\u0131nda, tam bir geri \u00f6deme yap\u0131lacakt\u0131r.   <\/p>\n\n<p>Sipari\u015finizi \u0130ptal Etme<\/p>\n\n<p>AB&#8217;de ikamet ediyorsan\u0131z, T\u00fcketici S\u00f6zle\u015fmeleri (Bilgi, \u0130ptal ve Ek \u00dccretler) Y\u00f6netmelikleri 2013 uyar\u0131nca bizimle olan sipari\u015finizi iptal etme hakk\u0131na sahipsiniz, ancak sipari\u015finizdeki son \u00fcr\u00fcn\u00fc ald\u0131\u011f\u0131n\u0131z g\u00fcnden sonraki 14 g\u00fcn i\u00e7inde bu karar\u0131n\u0131z\u0131 bize bildirmeniz gerekir.<\/p>\n\n<p>\u0130ptal hakk\u0131n\u0131z\u0131 kullanmak i\u00e7in l\u00fctfen bizi e-posta ile bilgilendirin: office@mirela.wildlaboratory.comnovak.com<\/p>\n\n<p>Sipari\u015f iptal bildiriminizi ald\u0131ktan sonra, m\u00fc\u015fteri hizmetleri iade talimatlar\u0131 i\u00e7in sizinle ileti\u015fime ge\u00e7ecektir. L\u00fctfen sipari\u015finizle birlikte ald\u0131\u011f\u0131n\u0131z iade formunu doldurun ve iadenizi derhal i\u015fleme koyabilmemiz i\u00e7in iadenize ekleyin. <\/p>\n\n<p>\u00dccretsiz toplama hizmetimiz ICACR&#8217;ler kapsam\u0131nda iptal edilen sipari\u015fler i\u00e7in ge\u00e7erli olmad\u0131\u011f\u0131ndan, iade g\u00f6nderisinin maliyetini kar\u015f\u0131laman\u0131z gerekti\u011fini l\u00fctfen unutmay\u0131n.<\/p>\n\n<p>Mallara makul \u00f6l\u00e7\u00fcde \u00f6zen g\u00f6sterme y\u00fck\u00fcml\u00fcl\u00fc\u011f\u00fcn\u00fcz bulundu\u011fundan ve depomuzda teslim al\u0131ncaya kadar hasarlardan sorumlu olaca\u011f\u0131n\u0131zdan, iade g\u00f6nderisini sigortalaman\u0131z\u0131 tavsiye ederiz. Ayr\u0131ca, sipari\u015finizi vb online Piata Montreal nr 10, Pullman Gallery, space 22, district 1, Bucharest, Romania adresinden bize iade etmek i\u00e7in g\u00fcvenli, izlenebilir bir y\u00f6ntem kullanman\u0131z\u0131 ve bir anla\u015fmazl\u0131k durumunda g\u00f6nderim kan\u0131t\u0131n\u0131 saklaman\u0131z\u0131 \u00f6neririz. <\/p>\n\n<p>T\u00fcm \u00fcr\u00fcnler kullan\u0131lmam\u0131\u015f, orijinal hallerinde ve sipari\u015fin teslim edildi\u011fi \u00fclkeden iade edilmelidir.<\/p>\n\n<p>S\u00f6zle\u015fme iptal bildiriminizi ald\u0131ktan sonraki 14 g\u00fcn i\u00e7inde standart nakliye masraflar\u0131 da dahil olmak \u00fczere sipari\u015finizin tam de\u011ferini iade edece\u011fiz. \u0130ptal edilen sipari\u015f elimize ula\u015fmazsa, masraflar\u0131 size ait olmak \u00fczere sipari\u015finizin sizden al\u0131nmas\u0131n\u0131 ayarlayaca\u011f\u0131z. <\/p>\n\n<p>Uluslararas\u0131 iadelerle ilgili herhangi bir sorunuz varsa l\u00fctfen +40748045589 veya office@mirela.wildlaboratory.comnovak.com adresinden bizimle ileti\u015fime ge\u00e7in.<\/p>\n","protected":false},"excerpt":{"rendered":"<p>Uluslararas\u0131 \u0130adeler Sipari\u015finizdeki herhangi bir \u00fcr\u00fcn\u00fc\/\u00fcr\u00fcnleri iade etmek isterseniz, teslimattan sonraki 14 g\u00fcn i\u00e7inde iade yetkisi (RMA) alman\u0131z gerekir. \u00dcr\u00fcnler hasars\u0131z ve sat\u0131labilir durumda olmal\u0131 ve t\u00fcm giysi etiketleri tak\u0131l\u0131 olarak kapal\u0131 bir kutuda orijinal haliyle iade edilmelidir. A\u015f\u0131nm\u0131\u015f, kullan\u0131lm\u0131\u015f, de\u011fi\u015ftirilmi\u015f veya hasar g\u00f6rm\u00fc\u015f iadeler kabul edilmeyecek ve size geri g\u00f6nderilebilir ve \/ veya geri [&hellip;]<\/p>\n","protected":false},"author":1,"featured_media":0,"parent":0,"menu_order":0,"comment_status":"closed","ping_status":"closed","template":"","meta":{"footnotes":""},"class_list":["post-14925","page","type-page","status-publish","hentry"],"_links":{"self":[{"href":"https:\/\/mirelanovak.com\/tr\/wp-json\/wp\/v2\/pages\/14925","targetHints":{"allow":["GET"]}}],"collection":[{"href":"https:\/\/mirelanovak.com\/tr\/wp-json\/wp\/v2\/pages"}],"about":[{"href":"https:\/\/mirelanovak.com\/tr\/wp-json\/wp\/v2\/types\/page"}],"author":[{"embeddable":true,"href":"https:\/\/mirelanovak.com\/tr\/wp-json\/wp\/v2\/users\/1"}],"replies":[{"embeddable":true,"href":"https:\/\/mirelanovak.com\/tr\/wp-json\/wp\/v2\/comments?post=14925"}],"version-history":[{"count":2,"href":"https:\/\/mirelanovak.com\/tr\/wp-json\/wp\/v2\/pages\/14925\/revisions"}],"predecessor-version":[{"id":14927,"href":"https:\/\/mirelanovak.com\/tr\/wp-json\/wp\/v2\/pages\/14925\/revisions\/14927"}],"wp:attachment":[{"href":"https:\/\/mirelanovak.com\/tr\/wp-json\/wp\/v2\/media?parent=14925"}],"curies":[{"name":"wp","href":"https:\/\/api.w.org\/{rel}","templated":true}]}}