{"id":14410,"date":"2021-10-24T17:03:31","date_gmt":"2021-10-24T17:03:31","guid":{"rendered":"https:\/\/mirelanovak.com\/product\/yeni-kadin-bakis-10\/"},"modified":"2025-02-18T10:16:37","modified_gmt":"2025-02-18T10:16:37","slug":"yeni-kadin-bakis-10","status":"publish","type":"product","link":"https:\/\/mirelanovak.com\/tr\/urun\/yeni-kadin-bakis-10\/","title":{"rendered":"Yeni Kad\u0131n Bak\u0131\u015f 10"},"content":{"rendered":"","protected":false},"excerpt":{"rendered":"","protected":false},"featured_media":13616,"comment_status":"open","ping_status":"closed","template":"","meta":[],"product_brand":[],"product_cat":[165],"product_tag":[],"class_list":{"0":"post-14410","1":"product","2":"type-product","3":"status-publish","4":"has-post-thumbnail","6":"product_cat-yeni-kadin","8":"first","9":"instock","10":"shipping-taxable","11":"purchasable","12":"product-type-variable"},"_links":{"self":[{"href":"https:\/\/mirelanovak.com\/tr\/wp-json\/wp\/v2\/product\/14410","targetHints":{"allow":["GET"]}}],"collection":[{"href":"https:\/\/mirelanovak.com\/tr\/wp-json\/wp\/v2\/product"}],"about":[{"href":"https:\/\/mirelanovak.com\/tr\/wp-json\/wp\/v2\/types\/product"}],"replies":[{"embeddable":true,"href":"https:\/\/mirelanovak.com\/tr\/wp-json\/wp\/v2\/comments?post=14410"}],"wp:featuredmedia":[{"embeddable":true,"href":"https:\/\/mirelanovak.com\/tr\/wp-json\/wp\/v2\/media\/13616"}],"wp:attachment":[{"href":"https:\/\/mirelanovak.com\/tr\/wp-json\/wp\/v2\/media?parent=14410"}],"wp:term":[{"taxonomy":"product_brand","embeddable":true,"href":"https:\/\/mirelanovak.com\/tr\/wp-json\/wp\/v2\/product_brand?post=14410"},{"taxonomy":"product_cat","embeddable":true,"href":"https:\/\/mirelanovak.com\/tr\/wp-json\/wp\/v2\/product_cat?post=14410"},{"taxonomy":"product_tag","embeddable":true,"href":"https:\/\/mirelanovak.com\/tr\/wp-json\/wp\/v2\/product_tag?post=14410"}],"curies":[{"name":"wp","href":"https:\/\/api.w.org\/{rel}","templated":true}]}}