{"id":14458,"date":"2021-10-24T16:55:39","date_gmt":"2021-10-24T16:55:39","guid":{"rendered":"https:\/\/mirelanovak.com\/product\/yeni-kadin-gorunumu-01\/"},"modified":"2025-02-18T10:19:10","modified_gmt":"2025-02-18T10:19:10","slug":"yeni-kadin-gorunumu-01","status":"publish","type":"product","link":"https:\/\/mirelanovak.com\/tr\/urun\/yeni-kadin-gorunumu-01\/","title":{"rendered":"Yeni Kad\u0131n G\u00f6r\u00fcn\u00fcm\u00fc 01"},"content":{"rendered":"","protected":false},"excerpt":{"rendered":"","protected":false},"featured_media":13568,"comment_status":"open","ping_status":"closed","template":"","meta":[],"product_brand":[],"product_cat":[165],"product_tag":[],"class_list":{"0":"post-14458","1":"product","2":"type-product","3":"status-publish","4":"has-post-thumbnail","6":"product_cat-yeni-kadin","8":"first","9":"instock","10":"shipping-taxable","11":"purchasable","12":"product-type-variable"},"_links":{"self":[{"href":"https:\/\/mirelanovak.com\/tr\/wp-json\/wp\/v2\/product\/14458","targetHints":{"allow":["GET"]}}],"collection":[{"href":"https:\/\/mirelanovak.com\/tr\/wp-json\/wp\/v2\/product"}],"about":[{"href":"https:\/\/mirelanovak.com\/tr\/wp-json\/wp\/v2\/types\/product"}],"replies":[{"embeddable":true,"href":"https:\/\/mirelanovak.com\/tr\/wp-json\/wp\/v2\/comments?post=14458"}],"wp:featuredmedia":[{"embeddable":true,"href":"https:\/\/mirelanovak.com\/tr\/wp-json\/wp\/v2\/media\/13568"}],"wp:attachment":[{"href":"https:\/\/mirelanovak.com\/tr\/wp-json\/wp\/v2\/media?parent=14458"}],"wp:term":[{"taxonomy":"product_brand","embeddable":true,"href":"https:\/\/mirelanovak.com\/tr\/wp-json\/wp\/v2\/product_brand?post=14458"},{"taxonomy":"product_cat","embeddable":true,"href":"https:\/\/mirelanovak.com\/tr\/wp-json\/wp\/v2\/product_cat?post=14458"},{"taxonomy":"product_tag","embeddable":true,"href":"https:\/\/mirelanovak.com\/tr\/wp-json\/wp\/v2\/product_tag?post=14458"}],"curies":[{"name":"wp","href":"https:\/\/api.w.org\/{rel}","templated":true}]}}