{"id":15038,"date":"2021-10-24T17:09:05","date_gmt":"2021-10-24T17:09:05","guid":{"rendered":"https:\/\/mirelanovak.com\/product\/look-book-gorunum-04\/"},"modified":"2025-02-18T10:06:06","modified_gmt":"2025-02-18T10:06:06","slug":"look-book-gorunum-04","status":"publish","type":"product","link":"https:\/\/mirelanovak.com\/tr\/urun\/look-book-gorunum-04\/","title":{"rendered":"Look Book G\u00f6r\u00fcn\u00fcm 04"},"content":{"rendered":"","protected":false},"excerpt":{"rendered":"","protected":false},"featured_media":13988,"comment_status":"open","ping_status":"closed","template":"","meta":[],"product_brand":[],"product_cat":[218],"product_tag":[],"class_list":{"0":"post-15038","1":"product","2":"type-product","3":"status-publish","4":"has-post-thumbnail","6":"product_cat-gorunum-kitabi","8":"first","9":"instock","10":"shipping-taxable","11":"purchasable","12":"product-type-variable"},"_links":{"self":[{"href":"https:\/\/mirelanovak.com\/tr\/wp-json\/wp\/v2\/product\/15038","targetHints":{"allow":["GET"]}}],"collection":[{"href":"https:\/\/mirelanovak.com\/tr\/wp-json\/wp\/v2\/product"}],"about":[{"href":"https:\/\/mirelanovak.com\/tr\/wp-json\/wp\/v2\/types\/product"}],"replies":[{"embeddable":true,"href":"https:\/\/mirelanovak.com\/tr\/wp-json\/wp\/v2\/comments?post=15038"}],"wp:featuredmedia":[{"embeddable":true,"href":"https:\/\/mirelanovak.com\/tr\/wp-json\/wp\/v2\/media\/13988"}],"wp:attachment":[{"href":"https:\/\/mirelanovak.com\/tr\/wp-json\/wp\/v2\/media?parent=15038"}],"wp:term":[{"taxonomy":"product_brand","embeddable":true,"href":"https:\/\/mirelanovak.com\/tr\/wp-json\/wp\/v2\/product_brand?post=15038"},{"taxonomy":"product_cat","embeddable":true,"href":"https:\/\/mirelanovak.com\/tr\/wp-json\/wp\/v2\/product_cat?post=15038"},{"taxonomy":"product_tag","embeddable":true,"href":"https:\/\/mirelanovak.com\/tr\/wp-json\/wp\/v2\/product_tag?post=15038"}],"curies":[{"name":"wp","href":"https:\/\/api.w.org\/{rel}","templated":true}]}}